{"id":8,"date":"2017-08-01T10:51:05","date_gmt":"2017-08-01T08:51:05","guid":{"rendered":"http:\/\/arzttermine-inhalt.atweb.arzttermine.de\/?page_id=8"},"modified":"2018-07-12T15:20:16","modified_gmt":"2018-07-12T13:20:16","slug":"aerzte-magazin","status":"publish","type":"page","link":"https:\/\/www.arzttermine.de\/s\/aerzte-magazin\/","title":{"rendered":"\u00c4rzte Magazin"},"content":{"rendered":"<p>[vc_section full_width=&#8220;stretch_row&#8220;][vc_row][vc_column css=&#8220;.vc_custom_1505201480951{margin-bottom: 30px !important;}&#8220;][vc_column_text]<\/p>\n<h1 style=\"text-align: center;\">Das \u00c4rzte Magazin<\/h1>\n<p>[\/vc_column_text][\/vc_column][\/vc_row][vc_row][vc_column][vc_row_inner][vc_column_inner][vc_separator css=&#8220;.vc_custom_1501578383424{padding-top: 15px !important;padding-bottom: 30px !important;}&#8220;][\/vc_column_inner][\/vc_row_inner][vc_row_inner equal_height=&#8220;yes&#8220; css=&#8220;.vc_custom_1505116597527{padding-bottom: 10px !important;}&#8220; el_id=&#8220;aerzte-magazin-content&#8220;][vc_column_inner][vc_wp_search][vc_empty_space][vc_basic_grid post_type=&#8220;post&#8220; max_items=&#8220;-1&#8243; item=&#8220;208&#8243; initial_loading_animation=&#8220;none&#8220; grid_id=&#8220;vc_gid:1531401596225-b73bae5e-5194-0&#8243; taxonomies=&#8220;1&#8243;][vc_empty_space][\/vc_column_inner][\/vc_row_inner][\/vc_column][\/vc_row][vc_row full_width=&#8220;stretch_row&#8220; el_class=&#8220;bg&#8211;secondary&#8220;][vc_column][vc_empty_space height=&#8220;50px&#8220;][\/vc_column][\/vc_row][\/vc_section][vc_column][\/vc_column]<\/p>\n","protected":false},"excerpt":{"rendered":"<p>[vc_section full_width=&#8220;stretch_row&#8220;][vc_row][vc_column css=&#8220;.vc_custom_1505201480951{margin-bottom: 30px !important;}&#8220;][vc_column_text] Das \u00c4rzte Magazin [\/vc_column_text][\/vc_column][\/vc_row][vc_row][vc_column][vc_row_inner][vc_column_inner][vc_separator css=&#8220;.vc_custom_1501578383424{padding-top: 15px !important;padding-bottom: 30px !important;}&#8220;][\/vc_column_inner][\/vc_row_inner][vc_row_inner equal_height=&#8220;yes&#8220; css=&#8220;.vc_custom_1505116597527{padding-bottom: 10px !important;}&#8220; el_id=&#8220;aerzte-magazin-content&#8220;][vc_column_inner][vc_wp_search][vc_empty_space][vc_basic_grid post_type=&#8220;post&#8220; max_items=&#8220;-1&#8243; item=&#8220;208&#8243; initial_loading_animation=&#8220;none&#8220; grid_id=&#8220;vc_gid:1531401596225-b73bae5e-5194-0&#8243; taxonomies=&#8220;1&#8243;][vc_empty_space][\/vc_column_inner][\/vc_row_inner][\/vc_column][\/vc_row][vc_row full_width=&#8220;stretch_row&#8220; el_class=&#8220;bg&#8211;secondary&#8220;][vc_column][vc_empty_space height=&#8220;50px&#8220;][\/vc_column][\/vc_row][\/vc_section][vc_column][\/vc_column]<\/p>\n","protected":false},"author":1,"featured_media":0,"parent":0,"menu_order":0,"comment_status":"closed","ping_status":"closed","template":"","meta":{"inline_featured_image":false,"footnotes":""},"yoast_head":"<!-- This site is optimized with the Yoast SEO plugin v19.7.2 - https:\/\/yoast.com\/wordpress\/plugins\/seo\/ -->\n<title>Das \u00c4rzte Magazin | Arzttermine.de<\/title>\n<meta name=\"description\" content=\"Das \u00c4rzte Magazin bietet Ihnen w\u00f6chentlich neue Artikel zu den Themen Patientenbindung,-gewinnung, Praxisoptimierung und Tools f\u00fcr Ihre Praxis.\" \/>\n<meta name=\"robots\" content=\"index, follow, max-snippet:-1, max-image-preview:large, max-video-preview:-1\" \/>\n<link rel=\"canonical\" href=\"https:\/\/www.arzttermine.de\/s\/aerzte-magazin\/\" \/>\n<meta property=\"og:locale\" content=\"de_DE\" \/>\n<meta property=\"og:type\" content=\"article\" \/>\n<meta property=\"og:title\" content=\"Das \u00c4rzte Magazin | Arzttermine.de\" \/>\n<meta property=\"og:description\" content=\"Das \u00c4rzte Magazin bietet Ihnen w\u00f6chentlich neue Artikel zu den Themen Patientenbindung,-gewinnung, Praxisoptimierung und Tools f\u00fcr Ihre Praxis.\" \/>\n<meta property=\"og:url\" content=\"https:\/\/www.arzttermine.de\/s\/aerzte-magazin\/\" \/>\n<meta property=\"og:site_name\" content=\"Arzttermine.de\" \/>\n<meta property=\"article:modified_time\" content=\"2018-07-12T13:20:16+00:00\" \/>\n<meta name=\"twitter:card\" content=\"summary\" \/>\n<meta name=\"twitter:label1\" content=\"Gesch\u00e4tzte Lesezeit\" \/>\n\t<meta name=\"twitter:data1\" content=\"1\u00a0Minute\" \/>\n<script type=\"application\/ld+json\" class=\"yoast-schema-graph\">{\"@context\":\"https:\/\/schema.org\",\"@graph\":[{\"@type\":\"WebPage\",\"@id\":\"https:\/\/www.arzttermine.de\/s\/aerzte-magazin\/\",\"url\":\"https:\/\/www.arzttermine.de\/s\/aerzte-magazin\/\",\"name\":\"Das \u00c4rzte Magazin | Arzttermine.de\",\"isPartOf\":{\"@id\":\"https:\/\/www.arzttermine.de\/s\/#website\"},\"datePublished\":\"2017-08-01T08:51:05+00:00\",\"dateModified\":\"2018-07-12T13:20:16+00:00\",\"description\":\"Das \u00c4rzte Magazin bietet Ihnen w\u00f6chentlich neue Artikel zu den Themen Patientenbindung,-gewinnung, Praxisoptimierung und Tools f\u00fcr Ihre Praxis.\",\"breadcrumb\":{\"@id\":\"https:\/\/www.arzttermine.de\/s\/aerzte-magazin\/#breadcrumb\"},\"inLanguage\":\"de\",\"potentialAction\":[{\"@type\":\"ReadAction\",\"target\":[\"https:\/\/www.arzttermine.de\/s\/aerzte-magazin\/\"]}]},{\"@type\":\"BreadcrumbList\",\"@id\":\"https:\/\/www.arzttermine.de\/s\/aerzte-magazin\/#breadcrumb\",\"itemListElement\":[{\"@type\":\"ListItem\",\"position\":1,\"name\":\"Startseite\",\"item\":\"https:\/\/www.arzttermine.de\/s\/\"},{\"@type\":\"ListItem\",\"position\":2,\"name\":\"\u00c4rzte Magazin\"}]},{\"@type\":\"WebSite\",\"@id\":\"https:\/\/www.arzttermine.de\/s\/#website\",\"url\":\"https:\/\/www.arzttermine.de\/s\/\",\"name\":\"Arzttermine.de\",\"description\":\"\",\"potentialAction\":[{\"@type\":\"SearchAction\",\"target\":{\"@type\":\"EntryPoint\",\"urlTemplate\":\"https:\/\/www.arzttermine.de\/s\/?s={search_term_string}\"},\"query-input\":\"required name=search_term_string\"}],\"inLanguage\":\"de\"}]}<\/script>\n<!-- \/ Yoast SEO plugin. -->","yoast_head_json":{"title":"Das \u00c4rzte Magazin | Arzttermine.de","description":"Das \u00c4rzte Magazin bietet Ihnen w\u00f6chentlich neue Artikel zu den Themen Patientenbindung,-gewinnung, Praxisoptimierung und Tools f\u00fcr Ihre Praxis.","robots":{"index":"index","follow":"follow","max-snippet":"max-snippet:-1","max-image-preview":"max-image-preview:large","max-video-preview":"max-video-preview:-1"},"canonical":"https:\/\/www.arzttermine.de\/s\/aerzte-magazin\/","og_locale":"de_DE","og_type":"article","og_title":"Das \u00c4rzte Magazin | Arzttermine.de","og_description":"Das \u00c4rzte Magazin bietet Ihnen w\u00f6chentlich neue Artikel zu den Themen Patientenbindung,-gewinnung, Praxisoptimierung und Tools f\u00fcr Ihre Praxis.","og_url":"https:\/\/www.arzttermine.de\/s\/aerzte-magazin\/","og_site_name":"Arzttermine.de","article_modified_time":"2018-07-12T13:20:16+00:00","twitter_card":"summary","twitter_misc":{"Gesch\u00e4tzte Lesezeit":"1\u00a0Minute"},"schema":{"@context":"https:\/\/schema.org","@graph":[{"@type":"WebPage","@id":"https:\/\/www.arzttermine.de\/s\/aerzte-magazin\/","url":"https:\/\/www.arzttermine.de\/s\/aerzte-magazin\/","name":"Das \u00c4rzte Magazin | Arzttermine.de","isPartOf":{"@id":"https:\/\/www.arzttermine.de\/s\/#website"},"datePublished":"2017-08-01T08:51:05+00:00","dateModified":"2018-07-12T13:20:16+00:00","description":"Das \u00c4rzte Magazin bietet Ihnen w\u00f6chentlich neue Artikel zu den Themen Patientenbindung,-gewinnung, Praxisoptimierung und Tools f\u00fcr Ihre Praxis.","breadcrumb":{"@id":"https:\/\/www.arzttermine.de\/s\/aerzte-magazin\/#breadcrumb"},"inLanguage":"de","potentialAction":[{"@type":"ReadAction","target":["https:\/\/www.arzttermine.de\/s\/aerzte-magazin\/"]}]},{"@type":"BreadcrumbList","@id":"https:\/\/www.arzttermine.de\/s\/aerzte-magazin\/#breadcrumb","itemListElement":[{"@type":"ListItem","position":1,"name":"Startseite","item":"https:\/\/www.arzttermine.de\/s\/"},{"@type":"ListItem","position":2,"name":"\u00c4rzte Magazin"}]},{"@type":"WebSite","@id":"https:\/\/www.arzttermine.de\/s\/#website","url":"https:\/\/www.arzttermine.de\/s\/","name":"Arzttermine.de","description":"","potentialAction":[{"@type":"SearchAction","target":{"@type":"EntryPoint","urlTemplate":"https:\/\/www.arzttermine.de\/s\/?s={search_term_string}"},"query-input":"required name=search_term_string"}],"inLanguage":"de"}]}},"_links":{"self":[{"href":"https:\/\/www.arzttermine.de\/s\/wp-json\/wp\/v2\/pages\/8"}],"collection":[{"href":"https:\/\/www.arzttermine.de\/s\/wp-json\/wp\/v2\/pages"}],"about":[{"href":"https:\/\/www.arzttermine.de\/s\/wp-json\/wp\/v2\/types\/page"}],"author":[{"embeddable":true,"href":"https:\/\/www.arzttermine.de\/s\/wp-json\/wp\/v2\/users\/1"}],"replies":[{"embeddable":true,"href":"https:\/\/www.arzttermine.de\/s\/wp-json\/wp\/v2\/comments?post=8"}],"version-history":[{"count":70,"href":"https:\/\/www.arzttermine.de\/s\/wp-json\/wp\/v2\/pages\/8\/revisions"}],"predecessor-version":[{"id":2291,"href":"https:\/\/www.arzttermine.de\/s\/wp-json\/wp\/v2\/pages\/8\/revisions\/2291"}],"wp:attachment":[{"href":"https:\/\/www.arzttermine.de\/s\/wp-json\/wp\/v2\/media?parent=8"}],"curies":[{"name":"wp","href":"https:\/\/api.w.org\/{rel}","templated":true}]}}