{"id":401,"date":"2017-08-03T11:21:28","date_gmt":"2017-08-03T09:21:28","guid":{"rendered":"http:\/\/arzttermine-inhalt.atweb.arzttermine.de\/?page_id=401"},"modified":"2022-05-24T11:48:25","modified_gmt":"2022-05-24T09:48:25","slug":"offene-stellen","status":"publish","type":"page","link":"https:\/\/www.arzttermine.de\/s\/ueber-uns\/offene-stellen\/","title":{"rendered":"Offene Stellen"},"content":{"rendered":"<p>[vc_row css=&#8220;.vc_custom_1653386119195{padding-top: 45px !important;padding-bottom: 45px !important;}&#8220;][vc_column width=&#8220;1\/6&#8243;][\/vc_column][vc_column width=&#8220;2\/3&#8243;][vc_empty_space height=&#8220;60px&#8220;][vc_column_text]<\/p>\r\n<h1 style=\"text-align: center;\">Aktuelle Stellenangebote<\/h1>\r\n<p>[\/vc_column_text][vc_column_text]<\/p>\r\n<h1 style=\"text-align: center;\">\u00a0<\/h1>\r\n\r\n<p>Du m\u00f6chtest spannende und zukunftsweisende Aufgaben im digitalen Gesundheitsbereich und bringst gerne neue Ideen ein? Gemeinsam wachsen, Prozesse im Team definieren und Spa\u00df auf der Arbeit haben?<\/p>\r\n\r\n\r\n\r\n<p><strong>Bei uns kannst Du genau das erleben!<\/strong><\/p>\r\n\r\n\r\n\r\n<p>Als gr\u00f6\u00dftes Gesundheitsnetzwerk Deutschlands haben wir uns zum Ziel gesetzt, fortlaufend innovative L\u00f6sungen rund um das Thema Gesundheit zu finden. Unser Anspruch ist es, dem Wohle von Patienten zu dienen, das Arbeitsumfeld von \u00c4rzten und Heilberuflern zu verbessern sowie die Gesamtleistung von Anbietern im Gesundheitswesen zu erh\u00f6hen.<\/p>\r\n\r\n\r\n\r\n<p>Durch digitale L\u00f6sungen bringen wir <strong>\u00fcber 6 Millionen Patienten<\/strong> mit <strong>ca. 480.000 passenden \u00c4rzte und Heilberuflern<\/strong> zusammen.<\/p>\r\n\r\n\r\n\r\n<p>Wir unterst\u00fctzen Praxen und Kliniken effizient in Marketing &amp; Organisation und entlasten damit das Praxispersonal.<\/p>\r\n\r\n\r\n\r\n<p><strong>So bleibt mehr Zeit f\u00fcr das Wichtigste \u2013 den Patienten.<\/strong><\/p>\r\n\r\n\r\n\r\n<p>Wir lieben die Herausforderungen des Gesundheitswesens, das Gef\u00fchl einen wichtigen gesellschaftlichen Beitrag zu leisten und mit Offenheit und positiver Energie in den Tag zu starten.<\/p>\r\n\r\n\r\n\r\n<p>\u00c4RZTE.DE als Arztsuchportal und Gesundheitsratgeber ist mehr als eine starke und zukunftsweisende Marke. Mit unseren attraktiven Plattformen, sanego.de, Arzttermine.de, operationauge.de und FACHARZT24 bieten wir eine hohe Qualit\u00e4t an Gesundheitsinformationen, ein bisher einzigartiges Arztbewertungsmanagement und einen Kundenservice, der uns am Herzen liegt. Von der Webseitenerstellung, \u00fcber Online-Terminbuchungstools bis hin zu Contentkooperationen, sind wir erfahrener und vertrauensvoller Partner unserer \u00c4rzte und Heilberufler.<\/p>\r\n\r\n\r\n\r\n<p><strong>Zur Verst\u00e4rkung unseres \u00e4rzte.de &#8211; Teams am Standort N\u00fcrnberg, suchen wir ab sofort Frontend-Entwickler (w\/m\/d) in Vollzeit<\/strong><\/p>\r\n\r\n\r\n\r\n<p><strong>Deine Aufgaben<\/strong><\/p>\r\n\r\n\r\n\r\n<ul>\r\n<li>Weiterentwicklung und kontinuierliche Optimierung der Frontends unserer verschiedenen Plattformen und Services<\/li>\r\n<li>Konzeption und Umsetzung von UI\/UX und responsive Designs auf Basis des Anforderungskatalogs von Produktmanagement, Marketing, Kundensupport und Kooperationspartnern<\/li>\r\n<li>Durchf\u00fchrung von User- und Usability-Tests<\/li>\r\n<li>Gestalten von mitrei\u00dfenden, begeisternden, digitalen Usererlebnissen mit Kreativit\u00e4t und Trendbewusstsein<\/li>\r\n<li>Entwurf von Ma\u00dfnahmenpl\u00e4nen, Abw\u00e4gen von Risiken und Kommunikation von\u00a0Aufwandseinsch\u00e4tzungen in Zusammenarbeit mit den jeweiligen Abteilungen<\/li>\r\n<li>enge Zusammenarbeit und Austausch mit dem Bereich Backend Development<\/li>\r\n<\/ul>\r\n\r\n\r\n\r\n<p><strong>Wir bieten<\/strong><\/p>\r\n\r\n\r\n\r\n<ul>\r\n<li>Spa\u00df an der Arbeit mit immer neuen, spannenden und anspruchsvollen Herausforderungen<\/li>\r\n<li>Gestaltungsfreiraum in eigentverantwortlichen Projekten, welche direkt zum Unternehmenserfolg und der Verbesserung des Gesundheitswesens beitragen<\/li>\r\n<li>stetige und individuelle Entwicklungsm\u00f6glichkeiten in einem dynamisch wachsenden Unternehmen<\/li>\r\n<li>M\u00f6glichkeiten Deine individuellen St\u00e4rken einzubringen und eigene Ideen umzusetzen<\/li>\r\n<li>flache Hierarchien und kurze Entscheidungswege<\/li>\r\n<li>mobiles Arbeiten angepasst an die derzeitige Situation<\/li>\r\n<li>bei Interesse die zeitweise Verlegung des Arbeitsplatzes ans Meer<\/li>\r\n<li>ein sonniges und herzliches Team<\/li>\r\n<li>Obst- und Wasser-Flatrate sowie regelm\u00e4\u00dfige Teamevents<\/li>\r\n<\/ul>\r\n\r\n\r\n\r\n<p><strong>Du<\/strong><\/p>\r\n\r\n\r\n\r\n<ul>\r\n<li>konntest bereits Erfahrung in der Frontend-Entwicklung und der Arbeit mit RESTful-APIs und -Services sammeln<\/li>\r\n<li>HTML, CSS (Bootstrap, Sass \/ Less), JS (z. B. jQuery, CoffeeScript, Vue. js \/ Angular) sind Dein Zuhause<\/li>\r\n<li>begeisterst Dich f\u00fcr intuitive und komfortable Webanwendungsl\u00f6sungen und hast eventuell erste Erfahrungen in der App-Entwicklung f\u00fcr Android\/iOS<\/li>\r\n<li>hattest bereits erste Ber\u00fchrungspunkte mit Datenbanksystemen<\/li>\r\n<li>bist aufgeschlossen, l\u00f6sungsorientiert und kommunizierst klar in interdisziplin\u00e4ren Teams<\/li>\r\n<li>legt gro\u00dfen Wert auf ein gutes Arbeitsklima und m\u00f6chtest mit dem Team und dem Unternehmen wachsen<\/li>\r\n<li>verf\u00fcgst \u00fcber eine strukturierte und zielorientierte Arbeitsweise, ohne Deine Flexibilit\u00e4t zu verlieren<\/li>\r\n<li>Dokumentations- und Ticketsysteme (z. B. JIRA) sind f\u00fcr Dich eine Fremdw\u00f6rter<\/li>\r\n<li>hast ein abgeschlossenes und fachrelevantes Studium oder \u00e4quivalente Berufserfahrung<\/li>\r\n<\/ul>\r\n\r\n\r\n\r\n<p><strong>Haben wir Dein Interesse geweckt?<\/strong><\/p>\r\n\r\n\r\n\r\n<p>Dann freuen wir uns auf Deine vollst\u00e4ndige und aussagekr\u00e4ftige Bewerbung, mit Angabe des fr\u00fchesten Eintrittszeitpunktes und Deinem Gehaltswunsch, an talente@aerzte.de .<\/p>\r\n\r\n\r\n\r\n<p>Verschaffe Dir auch gerne einen weiteren Eindruck hier: <a href=\"https:\/\/www.kununu.com\/de\/aerztede-mediservice1\">https:\/\/www.kununu.com\/de\/aerztede-mediservice1<\/a><\/p>\r\n\r\n\r\n\r\n<p>Bei Fragen kannst Du Dich gerne unter 0911 \/ 340 983 370 an Frau Kristina Schilling wenden.<\/p>\r\n\r\n\r\n\r\n<p>Gerade keine passende Stelle gefunden, aber Du verfolgst ein klares Ziel und m\u00f6chtest Deine Vorstellungen und F\u00e4higkeiten in ein zukunftsorientiertes Unternehmen einbringen?<\/p>\r\n\r\n\r\n\r\n<p>Bewirb Dich initiativ! Uns interessiert Dein Werdegang, Deine berufliche Qualifikation und Deine pers\u00f6nlichen Vorstellungen und Erwartungen an die k\u00fcnftige Herausforderung.<\/p>\r\n\r\n<p>[\/vc_column_text][\/vc_column][vc_column width=&#8220;1\/6&#8243;][\/vc_column][\/vc_row]<\/p>","protected":false},"excerpt":{"rendered":"<p>[vc_row css=&#8220;.vc_custom_1653386119195{padding-top: 45px !important;padding-bottom: 45px !important;}&#8220;][vc_column width=&#8220;1\/6&#8243;][\/vc_column][vc_column width=&#8220;2\/3&#8243;][vc_empty_space height=&#8220;60px&#8220;][vc_column_text] Aktuelle Stellenangebote [\/vc_column_text][vc_column_text] \u00a0 Du m\u00f6chtest spannende und zukunftsweisende Aufgaben im digitalen Gesundheitsbereich und bringst gerne neue Ideen ein? Gemeinsam wachsen, Prozesse im Team definieren und Spa\u00df auf der Arbeit haben? Bei uns kannst Du genau das erleben! Als gr\u00f6\u00dftes Gesundheitsnetzwerk Deutschlands haben wir uns zum [&hellip;]<\/p>\n","protected":false},"author":1,"featured_media":0,"parent":353,"menu_order":0,"comment_status":"closed","ping_status":"closed","template":"","meta":{"inline_featured_image":false,"footnotes":""},"yoast_head":"<!-- This site is optimized with the Yoast SEO plugin v19.7.2 - https:\/\/yoast.com\/wordpress\/plugins\/seo\/ -->\n<title>Offene Stellen - Arzttermine.de<\/title>\n<meta name=\"description\" content=\"Unsere Stellenangebote\" \/>\n<meta name=\"robots\" content=\"index, follow, max-snippet:-1, max-image-preview:large, max-video-preview:-1\" \/>\n<link rel=\"canonical\" href=\"https:\/\/www.arzttermine.de\/s\/ueber-uns\/offene-stellen\/\" \/>\n<meta property=\"og:locale\" content=\"de_DE\" \/>\n<meta property=\"og:type\" content=\"article\" \/>\n<meta property=\"og:title\" content=\"Offene Stellen - Arzttermine.de\" \/>\n<meta property=\"og:description\" content=\"Unsere Stellenangebote\" \/>\n<meta property=\"og:url\" content=\"https:\/\/www.arzttermine.de\/s\/ueber-uns\/offene-stellen\/\" \/>\n<meta property=\"og:site_name\" content=\"Arzttermine.de\" \/>\n<meta property=\"article:modified_time\" content=\"2022-05-24T09:48:25+00:00\" \/>\n<meta name=\"twitter:card\" content=\"summary\" \/>\n<meta name=\"twitter:label1\" content=\"Gesch\u00e4tzte Lesezeit\" \/>\n\t<meta name=\"twitter:data1\" content=\"4\u00a0Minuten\" \/>\n<script type=\"application\/ld+json\" class=\"yoast-schema-graph\">{\"@context\":\"https:\/\/schema.org\",\"@graph\":[{\"@type\":\"WebPage\",\"@id\":\"https:\/\/www.arzttermine.de\/s\/ueber-uns\/offene-stellen\/\",\"url\":\"https:\/\/www.arzttermine.de\/s\/ueber-uns\/offene-stellen\/\",\"name\":\"Offene Stellen - Arzttermine.de\",\"isPartOf\":{\"@id\":\"https:\/\/www.arzttermine.de\/s\/#website\"},\"datePublished\":\"2017-08-03T09:21:28+00:00\",\"dateModified\":\"2022-05-24T09:48:25+00:00\",\"description\":\"Unsere Stellenangebote\",\"breadcrumb\":{\"@id\":\"https:\/\/www.arzttermine.de\/s\/ueber-uns\/offene-stellen\/#breadcrumb\"},\"inLanguage\":\"de\",\"potentialAction\":[{\"@type\":\"ReadAction\",\"target\":[\"https:\/\/www.arzttermine.de\/s\/ueber-uns\/offene-stellen\/\"]}]},{\"@type\":\"BreadcrumbList\",\"@id\":\"https:\/\/www.arzttermine.de\/s\/ueber-uns\/offene-stellen\/#breadcrumb\",\"itemListElement\":[{\"@type\":\"ListItem\",\"position\":1,\"name\":\"Startseite\",\"item\":\"https:\/\/www.arzttermine.de\/s\/\"},{\"@type\":\"ListItem\",\"position\":2,\"name\":\"\u00dcber uns\",\"item\":\"https:\/\/www.arzttermine.de\/s\/ueber-uns\/\"},{\"@type\":\"ListItem\",\"position\":3,\"name\":\"Offene Stellen\"}]},{\"@type\":\"WebSite\",\"@id\":\"https:\/\/www.arzttermine.de\/s\/#website\",\"url\":\"https:\/\/www.arzttermine.de\/s\/\",\"name\":\"Arzttermine.de\",\"description\":\"\",\"potentialAction\":[{\"@type\":\"SearchAction\",\"target\":{\"@type\":\"EntryPoint\",\"urlTemplate\":\"https:\/\/www.arzttermine.de\/s\/?s={search_term_string}\"},\"query-input\":\"required name=search_term_string\"}],\"inLanguage\":\"de\"}]}<\/script>\n<!-- \/ Yoast SEO plugin. -->","yoast_head_json":{"title":"Offene Stellen - Arzttermine.de","description":"Unsere Stellenangebote","robots":{"index":"index","follow":"follow","max-snippet":"max-snippet:-1","max-image-preview":"max-image-preview:large","max-video-preview":"max-video-preview:-1"},"canonical":"https:\/\/www.arzttermine.de\/s\/ueber-uns\/offene-stellen\/","og_locale":"de_DE","og_type":"article","og_title":"Offene Stellen - Arzttermine.de","og_description":"Unsere Stellenangebote","og_url":"https:\/\/www.arzttermine.de\/s\/ueber-uns\/offene-stellen\/","og_site_name":"Arzttermine.de","article_modified_time":"2022-05-24T09:48:25+00:00","twitter_card":"summary","twitter_misc":{"Gesch\u00e4tzte Lesezeit":"4\u00a0Minuten"},"schema":{"@context":"https:\/\/schema.org","@graph":[{"@type":"WebPage","@id":"https:\/\/www.arzttermine.de\/s\/ueber-uns\/offene-stellen\/","url":"https:\/\/www.arzttermine.de\/s\/ueber-uns\/offene-stellen\/","name":"Offene Stellen - Arzttermine.de","isPartOf":{"@id":"https:\/\/www.arzttermine.de\/s\/#website"},"datePublished":"2017-08-03T09:21:28+00:00","dateModified":"2022-05-24T09:48:25+00:00","description":"Unsere Stellenangebote","breadcrumb":{"@id":"https:\/\/www.arzttermine.de\/s\/ueber-uns\/offene-stellen\/#breadcrumb"},"inLanguage":"de","potentialAction":[{"@type":"ReadAction","target":["https:\/\/www.arzttermine.de\/s\/ueber-uns\/offene-stellen\/"]}]},{"@type":"BreadcrumbList","@id":"https:\/\/www.arzttermine.de\/s\/ueber-uns\/offene-stellen\/#breadcrumb","itemListElement":[{"@type":"ListItem","position":1,"name":"Startseite","item":"https:\/\/www.arzttermine.de\/s\/"},{"@type":"ListItem","position":2,"name":"\u00dcber uns","item":"https:\/\/www.arzttermine.de\/s\/ueber-uns\/"},{"@type":"ListItem","position":3,"name":"Offene Stellen"}]},{"@type":"WebSite","@id":"https:\/\/www.arzttermine.de\/s\/#website","url":"https:\/\/www.arzttermine.de\/s\/","name":"Arzttermine.de","description":"","potentialAction":[{"@type":"SearchAction","target":{"@type":"EntryPoint","urlTemplate":"https:\/\/www.arzttermine.de\/s\/?s={search_term_string}"},"query-input":"required name=search_term_string"}],"inLanguage":"de"}]}},"_links":{"self":[{"href":"https:\/\/www.arzttermine.de\/s\/wp-json\/wp\/v2\/pages\/401"}],"collection":[{"href":"https:\/\/www.arzttermine.de\/s\/wp-json\/wp\/v2\/pages"}],"about":[{"href":"https:\/\/www.arzttermine.de\/s\/wp-json\/wp\/v2\/types\/page"}],"author":[{"embeddable":true,"href":"https:\/\/www.arzttermine.de\/s\/wp-json\/wp\/v2\/users\/1"}],"replies":[{"embeddable":true,"href":"https:\/\/www.arzttermine.de\/s\/wp-json\/wp\/v2\/comments?post=401"}],"version-history":[{"count":32,"href":"https:\/\/www.arzttermine.de\/s\/wp-json\/wp\/v2\/pages\/401\/revisions"}],"predecessor-version":[{"id":2629,"href":"https:\/\/www.arzttermine.de\/s\/wp-json\/wp\/v2\/pages\/401\/revisions\/2629"}],"up":[{"embeddable":true,"href":"https:\/\/www.arzttermine.de\/s\/wp-json\/wp\/v2\/pages\/353"}],"wp:attachment":[{"href":"https:\/\/www.arzttermine.de\/s\/wp-json\/wp\/v2\/media?parent=401"}],"curies":[{"name":"wp","href":"https:\/\/api.w.org\/{rel}","templated":true}]}}