{"id":399,"date":"2017-08-03T11:19:27","date_gmt":"2017-08-03T09:19:27","guid":{"rendered":"http:\/\/arzttermine-inhalt.atweb.arzttermine.de\/?page_id=399"},"modified":"2024-08-23T11:49:23","modified_gmt":"2024-08-23T09:49:23","slug":"benefits","status":"publish","type":"page","link":"https:\/\/www.arzttermine.de\/s\/benefits\/","title":{"rendered":"Benefits"},"content":{"rendered":"<p>[vc_section][vc_row][vc_column][vc_column_text]<\/p>\n<h1 style=\"text-align: center;\">Benefits<\/h1>\n<p>[\/vc_column_text][\/vc_column][\/vc_row][vc_row][vc_column][vc_separator css=&#8220;.vc_custom_1501578383424{padding-top: 15px !important;padding-bottom: 30px !important;}&#8220;][\/vc_column][\/vc_row][vc_row][vc_column][\/vc_column][\/vc_row][vc_row el_class=&#8220;our-benefits&#8220;][vc_column css=&#8220;.vc_custom_1501578414958{margin-top: 30px !important;}&#8220;][vc_row_inner][vc_column_inner width=&#8220;1\/3&#8243; css=&#8220;.vc_custom_1501761914238{margin-top: 25px !important;}&#8220;]\n\t\t\t<div class=\" feature feature-3 boxed boxed--lg boxed--border text-center\">\n\t\t\t    <span class=\"icon color--primary icon--lg icon-Timer\"><\/span>\n\t\t\t    <\/p>\n<p style=\"text-align: center;\"><strong>Flexible Arbeitszeiten<\/strong><\/p>\n<div style=\"text-align: center;\">Wann Du am effektivsten arbeitest, entscheidest Du! Mit unserem Kernarbeitszeitmodell kannst Du flexibel entscheiden, wann Dein Arbeitstag beginnt. Es ist auch die M\u00f6glichkeit des Homeoffices geboten.<\/div>\n<div style=\"text-align: center;\"><\/div>\n<p>\n\t\t\t<\/div><!--end feature-->\n\t\t[\/vc_column_inner][vc_column_inner width=&#8220;1\/3&#8243; css=&#8220;.vc_custom_1501761921766{margin-top: 25px !important;}&#8220;]\n\t\t\t<div class=\" feature feature-3 boxed boxed--lg boxed--border text-center\">\n\t\t\t    <span class=\"icon color--primary icon--lg icon-Light-Bulb\"><\/span>\n\t\t\t    <\/p>\n<p style=\"text-align: center;\"><span style=\"color: #000000;\"><b>Team-Meetings<\/b><\/span><\/p>\n<div style=\"text-align: center;\">In monatlichen Meetings werden alle Mitarbeiter \u00fcber die aktuellen Entwicklungen informiert. Hier kann sich auch jeder selbst mit einbringen. So wird nicht nur die Kreativit\u00e4t gef\u00f6rdert, sondern Du bist auch stets Up-To-Date.<\/div>\n<div style=\"text-align: center;\"><\/div>\n<p>\n\t\t\t<\/div><!--end feature-->\n\t\t[\/vc_column_inner][vc_column_inner width=&#8220;1\/3&#8243; css=&#8220;.vc_custom_1501761926733{margin-top: 25px !important;}&#8220;]\n\t\t\t<div class=\" feature feature-3 boxed boxed--lg boxed--border text-center\">\n\t\t\t    <span class=\"icon color--primary icon--lg icon-Speach-Bubbles\"><\/span>\n\t\t\t    <\/p>\n<p style=\"text-align: center;\"><span style=\"color: #000000;\"><b>Mentoring<\/b><\/span><\/p>\n<div style=\"text-align: center;\"><span>Regelm\u00e4\u00dfige Feedback-Gespr\u00e4che f\u00fchren dazu, dass Du Dich wohlf\u00fchlst und Dich jederzeit in Deiner Karriere weiterentwickeln kannst. Gemeinsam bewegen wir uns vorw\u00e4rts.<\/span><\/div>\n<p>\n\t\t\t<\/div><!--end feature-->\n\t\t[\/vc_column_inner][\/vc_row_inner][vc_row_inner css=&#8220;.vc_custom_1501761850135{margin-top: 25px !important;padding-top: 25px !important;}&#8220;][vc_column_inner width=&#8220;1\/3&#8243; css=&#8220;.vc_custom_1501761886878{margin-top: 25px !important;}&#8220;]\n\t\t\t<div class=\" feature feature-3 boxed boxed--lg boxed--border text-center\">\n\t\t\t    <span class=\"icon color--primary icon--lg icon-Glass-Water\"><\/span>\n\t\t\t    <\/p>\n<p style=\"text-align: center;\"><span style=\"color: #000000;\"><b>Getr\u00e4nke<\/b><\/span><\/p>\n<p style=\"text-align: center;\"><span>Wir versorgen unser Team mit Fritz Kola, Club Mate,\u00a0<\/span><span style=\"font-size: 1rem;\">Wasser<\/span><span style=\"font-size: 1rem;\">\u00a0und nat\u00fcrlich Kaffee und Tee. Jeden Freitag sto\u00dfen wir zur Happy Hour gemeinsam auf die erfolgreiche Woche an.<\/span><\/p>\n<p>\n\t\t\t<\/div><!--end feature-->\n\t\t[\/vc_column_inner][vc_column_inner width=&#8220;1\/3&#8243; css=&#8220;.vc_custom_1501761861840{margin-top: 25px !important;}&#8220;]\n\t\t\t<div class=\" feature feature-3 boxed boxed--lg boxed--border text-center\">\n\t\t\t    <span class=\"icon color--primary icon--lg icon-Business-ManWoman\"><\/span>\n\t\t\t    <\/p>\n<p style=\"text-align: center;\"><span style=\"color: #000000;\"><b>Flache Hierarchien<\/b><\/span><\/p>\n<p style=\"text-align: center;\">Bei uns gibt es keine langen Kommunikations- und Entscheidungswege. So kannst auch Du dich mit individuellen Ideen immer gerne selbst einbringen!<\/p>\n<p>\n\t\t\t<\/div><!--end feature-->\n\t\t[\/vc_column_inner][vc_column_inner width=&#8220;1\/3&#8243; css=&#8220;.vc_custom_1501761879949{margin-top: 25px !important;}&#8220;]\n\t\t\t<div class=\" feature feature-3 boxed boxed--lg boxed--border text-center\">\n\t\t\t    <span class=\"icon color--primary icon--lg icon-Berlin-Tower\"><\/span>\n\t\t\t    <\/p>\n<p style=\"text-align: center;\"><span style=\"color: #000000;\"><b>Super Lage<\/b><\/span><\/p>\n<p style=\"text-align: center;\"><span>Unser B\u00fcro in N\u00fcrnberg Thon ist von \u00fcberall gut zu erreichen. Parkpl\u00e4tze und eine hervorragende Infrastruktur erleichtern dir den Arbeitsweg.<br \/>\n<\/span><\/p>\n<p>\n\t\t\t<\/div><!--end feature-->\n\t\t[\/vc_column_inner][\/vc_row_inner][vc_row_inner][vc_column_inner width=&#8220;1\/3&#8243; css=&#8220;.vc_custom_1502091974954{margin-top: 25px !important;}&#8220;]\n\t\t\t<div class=\" feature feature-3 boxed boxed--lg boxed--border text-center\">\n\t\t\t    <span class=\"icon color--primary icon--lg icon-Bodybuilding\"><\/span>\n\t\t\t    <\/p>\n<p style=\"text-align: center;\"><span style=\"color: #000000;\"><b>e-Health Start Up<\/b><\/span><\/p>\n<p style=\"text-align: center;\"><span>\u00a0Dir stehen Yogamatten, -b\u00e4lle und Kurzhanteln f\u00fcr einen Bewegungs-<br \/>\nausgleich auf Arbeit zur Verf\u00fcgung. Zudem planen wir Sportaktivit\u00e4ten und Du erh\u00e4lst eine kostenfreie Fitness First Mitgliedschaft.<\/span><\/p>\n<p>\n\t\t\t<\/div><!--end feature-->\n\t\t[\/vc_column_inner][vc_column_inner width=&#8220;1\/3&#8243; css=&#8220;.vc_custom_1501761221880{margin-top: 25px !important;}&#8220;]\n\t\t\t<div class=\" feature feature-3 boxed boxed--lg boxed--border text-center\">\n\t\t\t    <span class=\"icon color--primary icon--lg icon-Boom\"><\/span>\n\t\t\t    <\/p>\n<p style=\"text-align: center;\"><span style=\"color: #000000;\"><b>Team-Events<\/b><\/span><\/p>\n<p style=\"text-align: left;\"><span>Regelm\u00e4\u00dfig laden wir das gesamte Team zu gemeinsamen Mittagessen sowie Team-Events ein \u2013 so lernen sich alle auch au\u00dferhalb der Arbeit besser kennen!<\/span><\/p>\n<p>\n\t\t\t<\/div><!--end feature-->\n\t\t[\/vc_column_inner][vc_column_inner width=&#8220;1\/3&#8243; css=&#8220;.vc_custom_1502094709203{margin-top: 25px !important;}&#8220;]\n\t\t\t<div class=\" feature feature-3 boxed boxed--lg boxed--border text-center\">\n\t\t\t    <span class=\"icon color--primary icon--lg icon-Student-Hat2\"><\/span>\n\t\t\t    <\/p>\n<p style=\"text-align: center;\"><strong><span style=\"color: #000000;\">Fortbildungen<\/span>\u00a0<\/strong><\/p>\n<p style=\"text-align: center;\">Wir f\u00f6rdern Dich! Auf Wunsch kannst du dein Wissen in internen oder externen Weiterbildungen erweitern und gleich praktisch im Arbeitsalltag einsetzen.<\/p>\n<p>\n\t\t\t<\/div><!--end feature-->\n\t\t[\/vc_column_inner][\/vc_row_inner][\/vc_column][\/vc_row][\/vc_section]<\/p>\n","protected":false},"excerpt":{"rendered":"<p>[vc_section][vc_row][vc_column][vc_column_text] Benefits [\/vc_column_text][\/vc_column][\/vc_row][vc_row][vc_column][vc_separator css=&#8220;.vc_custom_1501578383424{padding-top: 15px !important;padding-bottom: 30px !important;}&#8220;][\/vc_column][\/vc_row][vc_row][vc_column][\/vc_column][\/vc_row][vc_row el_class=&#8220;our-benefits&#8220;][vc_column css=&#8220;.vc_custom_1501578414958{margin-top: 30px !important;}&#8220;][vc_row_inner][vc_column_inner width=&#8220;1\/3&#8243; css=&#8220;.vc_custom_1501761914238{margin-top: 25px !important;}&#8220;][\/vc_column_inner][vc_column_inner width=&#8220;1\/3&#8243; css=&#8220;.vc_custom_1501761921766{margin-top: 25px !important;}&#8220;][\/vc_column_inner][vc_column_inner width=&#8220;1\/3&#8243; css=&#8220;.vc_custom_1501761926733{margin-top: 25px !important;}&#8220;][\/vc_column_inner][\/vc_row_inner][vc_row_inner css=&#8220;.vc_custom_1501761850135{margin-top: 25px !important;padding-top: 25px !important;}&#8220;][vc_column_inner width=&#8220;1\/3&#8243; css=&#8220;.vc_custom_1501761886878{margin-top: 25px !important;}&#8220;][\/vc_column_inner][vc_column_inner width=&#8220;1\/3&#8243; css=&#8220;.vc_custom_1501761861840{margin-top: 25px !important;}&#8220;][\/vc_column_inner][vc_column_inner width=&#8220;1\/3&#8243; css=&#8220;.vc_custom_1501761879949{margin-top: 25px !important;}&#8220;][\/vc_column_inner][\/vc_row_inner][vc_row_inner][vc_column_inner width=&#8220;1\/3&#8243; css=&#8220;.vc_custom_1502091974954{margin-top: 25px !important;}&#8220;][\/vc_column_inner][vc_column_inner width=&#8220;1\/3&#8243; css=&#8220;.vc_custom_1501761221880{margin-top: 25px !important;}&#8220;][\/vc_column_inner][vc_column_inner width=&#8220;1\/3&#8243; css=&#8220;.vc_custom_1502094709203{margin-top: 25px !important;}&#8220;][\/vc_column_inner][\/vc_row_inner][\/vc_column][\/vc_row][\/vc_section]<\/p>\n","protected":false},"author":1,"featured_media":0,"parent":0,"menu_order":0,"comment_status":"closed","ping_status":"closed","template":"","meta":{"inline_featured_image":false,"footnotes":""},"yoast_head":"<!-- This site is optimized with the Yoast SEO plugin v19.7.2 - https:\/\/yoast.com\/wordpress\/plugins\/seo\/ -->\n<title>Unsere Benefits - Arzttermine.de<\/title>\n<meta name=\"description\" content=\"Flexible Arbeitszeiten,Team-Meetings, Mentoring, N\u00fcssen und Getr\u00e4nke, Flache Hierarchien, Zentrale Lage, e-Health-Start Up, Team-Events, Fortbildungen\" \/>\n<meta name=\"robots\" content=\"index, follow, max-snippet:-1, max-image-preview:large, max-video-preview:-1\" \/>\n<link rel=\"canonical\" href=\"https:\/\/www.arzttermine.de\/s\/benefits\/\" \/>\n<meta property=\"og:locale\" content=\"de_DE\" \/>\n<meta property=\"og:type\" content=\"article\" \/>\n<meta property=\"og:title\" content=\"Unsere Benefits - Arzttermine.de\" \/>\n<meta property=\"og:description\" content=\"Flexible Arbeitszeiten,Team-Meetings, Mentoring, N\u00fcssen und Getr\u00e4nke, Flache Hierarchien, Zentrale Lage, e-Health-Start Up, Team-Events, Fortbildungen\" \/>\n<meta property=\"og:url\" content=\"https:\/\/www.arzttermine.de\/s\/benefits\/\" \/>\n<meta property=\"og:site_name\" content=\"Arzttermine.de\" \/>\n<meta property=\"article:modified_time\" content=\"2024-08-23T09:49:23+00:00\" \/>\n<meta name=\"twitter:card\" content=\"summary\" \/>\n<meta name=\"twitter:label1\" content=\"Gesch\u00e4tzte Lesezeit\" \/>\n\t<meta name=\"twitter:data1\" content=\"3\u00a0Minuten\" \/>\n<script type=\"application\/ld+json\" class=\"yoast-schema-graph\">{\"@context\":\"https:\/\/schema.org\",\"@graph\":[{\"@type\":\"WebPage\",\"@id\":\"https:\/\/www.arzttermine.de\/s\/benefits\/\",\"url\":\"https:\/\/www.arzttermine.de\/s\/benefits\/\",\"name\":\"Unsere Benefits - Arzttermine.de\",\"isPartOf\":{\"@id\":\"https:\/\/www.arzttermine.de\/s\/#website\"},\"datePublished\":\"2017-08-03T09:19:27+00:00\",\"dateModified\":\"2024-08-23T09:49:23+00:00\",\"description\":\"Flexible Arbeitszeiten,Team-Meetings, Mentoring, N\u00fcssen und Getr\u00e4nke, Flache Hierarchien, Zentrale Lage, e-Health-Start Up, Team-Events, Fortbildungen\",\"breadcrumb\":{\"@id\":\"https:\/\/www.arzttermine.de\/s\/benefits\/#breadcrumb\"},\"inLanguage\":\"de\",\"potentialAction\":[{\"@type\":\"ReadAction\",\"target\":[\"https:\/\/www.arzttermine.de\/s\/benefits\/\"]}]},{\"@type\":\"BreadcrumbList\",\"@id\":\"https:\/\/www.arzttermine.de\/s\/benefits\/#breadcrumb\",\"itemListElement\":[{\"@type\":\"ListItem\",\"position\":1,\"name\":\"Startseite\",\"item\":\"https:\/\/www.arzttermine.de\/s\/\"},{\"@type\":\"ListItem\",\"position\":2,\"name\":\"Benefits\"}]},{\"@type\":\"WebSite\",\"@id\":\"https:\/\/www.arzttermine.de\/s\/#website\",\"url\":\"https:\/\/www.arzttermine.de\/s\/\",\"name\":\"Arzttermine.de\",\"description\":\"\",\"potentialAction\":[{\"@type\":\"SearchAction\",\"target\":{\"@type\":\"EntryPoint\",\"urlTemplate\":\"https:\/\/www.arzttermine.de\/s\/?s={search_term_string}\"},\"query-input\":\"required name=search_term_string\"}],\"inLanguage\":\"de\"}]}<\/script>\n<!-- \/ Yoast SEO plugin. -->","yoast_head_json":{"title":"Unsere Benefits - Arzttermine.de","description":"Flexible Arbeitszeiten,Team-Meetings, Mentoring, N\u00fcssen und Getr\u00e4nke, Flache Hierarchien, Zentrale Lage, e-Health-Start Up, Team-Events, Fortbildungen","robots":{"index":"index","follow":"follow","max-snippet":"max-snippet:-1","max-image-preview":"max-image-preview:large","max-video-preview":"max-video-preview:-1"},"canonical":"https:\/\/www.arzttermine.de\/s\/benefits\/","og_locale":"de_DE","og_type":"article","og_title":"Unsere Benefits - Arzttermine.de","og_description":"Flexible Arbeitszeiten,Team-Meetings, Mentoring, N\u00fcssen und Getr\u00e4nke, Flache Hierarchien, Zentrale Lage, e-Health-Start Up, Team-Events, Fortbildungen","og_url":"https:\/\/www.arzttermine.de\/s\/benefits\/","og_site_name":"Arzttermine.de","article_modified_time":"2024-08-23T09:49:23+00:00","twitter_card":"summary","twitter_misc":{"Gesch\u00e4tzte Lesezeit":"3\u00a0Minuten"},"schema":{"@context":"https:\/\/schema.org","@graph":[{"@type":"WebPage","@id":"https:\/\/www.arzttermine.de\/s\/benefits\/","url":"https:\/\/www.arzttermine.de\/s\/benefits\/","name":"Unsere Benefits - Arzttermine.de","isPartOf":{"@id":"https:\/\/www.arzttermine.de\/s\/#website"},"datePublished":"2017-08-03T09:19:27+00:00","dateModified":"2024-08-23T09:49:23+00:00","description":"Flexible Arbeitszeiten,Team-Meetings, Mentoring, N\u00fcssen und Getr\u00e4nke, Flache Hierarchien, Zentrale Lage, e-Health-Start Up, Team-Events, Fortbildungen","breadcrumb":{"@id":"https:\/\/www.arzttermine.de\/s\/benefits\/#breadcrumb"},"inLanguage":"de","potentialAction":[{"@type":"ReadAction","target":["https:\/\/www.arzttermine.de\/s\/benefits\/"]}]},{"@type":"BreadcrumbList","@id":"https:\/\/www.arzttermine.de\/s\/benefits\/#breadcrumb","itemListElement":[{"@type":"ListItem","position":1,"name":"Startseite","item":"https:\/\/www.arzttermine.de\/s\/"},{"@type":"ListItem","position":2,"name":"Benefits"}]},{"@type":"WebSite","@id":"https:\/\/www.arzttermine.de\/s\/#website","url":"https:\/\/www.arzttermine.de\/s\/","name":"Arzttermine.de","description":"","potentialAction":[{"@type":"SearchAction","target":{"@type":"EntryPoint","urlTemplate":"https:\/\/www.arzttermine.de\/s\/?s={search_term_string}"},"query-input":"required name=search_term_string"}],"inLanguage":"de"}]}},"_links":{"self":[{"href":"https:\/\/www.arzttermine.de\/s\/wp-json\/wp\/v2\/pages\/399"}],"collection":[{"href":"https:\/\/www.arzttermine.de\/s\/wp-json\/wp\/v2\/pages"}],"about":[{"href":"https:\/\/www.arzttermine.de\/s\/wp-json\/wp\/v2\/types\/page"}],"author":[{"embeddable":true,"href":"https:\/\/www.arzttermine.de\/s\/wp-json\/wp\/v2\/users\/1"}],"replies":[{"embeddable":true,"href":"https:\/\/www.arzttermine.de\/s\/wp-json\/wp\/v2\/comments?post=399"}],"version-history":[{"count":62,"href":"https:\/\/www.arzttermine.de\/s\/wp-json\/wp\/v2\/pages\/399\/revisions"}],"predecessor-version":[{"id":2683,"href":"https:\/\/www.arzttermine.de\/s\/wp-json\/wp\/v2\/pages\/399\/revisions\/2683"}],"wp:attachment":[{"href":"https:\/\/www.arzttermine.de\/s\/wp-json\/wp\/v2\/media?parent=399"}],"curies":[{"name":"wp","href":"https:\/\/api.w.org\/{rel}","templated":true}]}}