{"id":282,"date":"2017-08-02T17:40:52","date_gmt":"2017-08-02T15:40:52","guid":{"rendered":"http:\/\/arzttermine-inhalt.atweb.arzttermine.de\/?page_id=282"},"modified":"2022-05-24T09:54:43","modified_gmt":"2022-05-24T07:54:43","slug":"agb","status":"publish","type":"page","link":"https:\/\/www.arzttermine.de\/s\/agb\/","title":{"rendered":"Allgemeine Nutzungsbedingungen der Internetplattform"},"content":{"rendered":"<p>[vc_section][vc_row][vc_column][vc_column_text]<\/p>\n<h1>Allgemeine Nutzungsbedingungen der Internetplattform www.arzttermine.de<\/h1>\n<p>[\/vc_column_text][\/vc_column][\/vc_row][vc_row][vc_column][vc_separator css=&#8220;.vc_custom_1501578383424{padding-top: 15px !important;padding-bottom: 30px !important;}&#8220;][\/vc_column][\/vc_row][vc_row][vc_column css=&#8220;.vc_custom_1501578414958{margin-top: 30px !important;}&#8220;][vc_column_text]<strong>1. Vertragsgegenstand und Geltungsbereich<\/strong><\/p>\n<p>1.1. Die \u00e4rzte.de MediService GmbH &amp; Co. KG (nachfolgend \u201eBetreiber\u201c genannt) betreibt die Internetplattform<span>\u00a0<\/span><a href=\"http:\/\/www.arzttermine.de\/\">www.arzttermine.de<\/a><span>\u00a0<\/span>\u00fcber die Privatpersonen (nachfolgend \u201eNutzer\u201c genannt) Informationen \u00fcber niedergelassene \u00c4rzte innerhalb der Bundesrepublik Deutschland (nachfolgend \u201e\u00c4rzte\u201c genannt) u. a. hinsichtlich freier Termine, der Lage derer Arztpraxen sowie deren durch vorangegangene Nutzer erfolgte individuelle Bewertungen abrufen k\u00f6nnen (nachfolgend \u201eInternet-Auskunftsdienst\u201c genannt).<\/p>\n<p>1.2. Wesentlicher Leistungsbestandteil des Betreibers ist die Bereitstellung eines onlineplattform-basierten Internet-Auskunftsdienstes \u00fcber welchen die Nutzer, insbesondere freie Termine von \u00c4rzten einsehen sowie sonstige Informationen im Sinne der Ziffer 1.1 dieser Nutzungsbedingungen (nachfolgend \u201eAGB\u201c genannt) abrufen k\u00f6nnen.<\/p>\n<p>1.3. Entsprechend des wesentlichen Leistungsbestandteiles des Betreibers nach Ziffer 1.2 werden in keiner Weise irgendwelche medizinische Leistungen gegen\u00fcber den Nutzern durch den Betreiber angeboten.<\/p>\n<p>1.4. Die Nutzung dieses Internet-Auskunftsdienstes und der hiermit vermittelten Informationen ist nur f\u00fcr den Abruf von Informationen und somit der Suche eines passenden Arztes zugunsten der Nutzer sowie ausschlie\u00dflich f\u00fcr private Zwecke vorgesehen. Jede zweckfremde Nutzung, insbesondere zur kommerziellen Auskunftserteilung sowie jede sonstige gewerbliche Auswertung oder Nutzung von Informationen\/ Daten ist unzul\u00e4ssig.<\/p>\n<p>1.5. Die folgenden AGB gelten f\u00fcr die Nutzung der Internetplattform<span>\u00a0<\/span><a href=\"http:\/\/www.arzttermine.de\/\">www.arzttermine.de<\/a>. Die AGB in ihrer aktuellen Fassung stehen auf der Internetseite<span>\u00a0<\/span><a href=\"http:\/\/www.arzttermine.de\/\">www.arzttermine.de<\/a><span>\u00a0<\/span>unter \u201eAGB\u201c zur Verf\u00fcgung.<\/p>\n<p><strong>2. Kontaktdaten des Betreibers<\/strong><\/p>\n<p>\u00e4rzte.de MediService GmbH &amp; Co. KG<br \/>\nPretzfelder Str. 7-11<br \/>\n90425 N\u00fcrnberg<br \/>\n<a href=\"mailto:info@arzttermine.de\">info@arzttermine.de<\/a><\/p>\n<p><strong>3. Funktionsweise der Plattform: arzttermine.de<\/strong><\/p>\n<p>3.1. Durch den Betreiber wird der Internet-Auskunftsdienst betrieben, den interessierte Privatpersonen im Falle des Vorgangs der Arztsuche und Terminbuchung ohne Zuteilung eines pers\u00f6nlichen Accounts als Nutzer in Anspruch nehmen k\u00f6nnen (nachfolgend auch \u201eregistrierungsfreie Funktion\u201c genannt) und\/ oder sich zus\u00e4tzlich als Nutzer mittels Zuteilung eines pers\u00f6nlichen Accounts registrieren lassen k\u00f6nnen, um hier\u00fcber Informationen, Bewertungen, Fotos sowie sonstige Inhalte (nachfolgend \u201eNutzerinhalte\u201c genannt) im Hinblick auf die \u00e4rztliche Betreuung vorzunehmen (nachfolgend auch \u201ezus\u00e4tzliche Registrierungsfunktion\u201c genannt).<\/p>\n<p>3.2. Im Falle einer zus\u00e4tzlichen erfolgten Registrierung bekommen die Nutzer einen pers\u00f6nlichen Account zugeteilt, \u00fcber den sie den Internet-Auskunftsdienst sowohl hinsichtlich der registrierungsfreien Funktion, als auch zwecks der zus\u00e4tzlichen Registrierungsfunktionen nutzen k\u00f6nnen.<\/p>\n<p>3.3. Klarstellend ist die Vereinbarung eines Termins somit auch ohne Registrierung m\u00f6glich. Entweder vorab oder im Anschluss an die Terminbuchung hat der Nutzer dann die M\u00f6glichkeit einen pers\u00f6nlichen Account angelegen zu lassen, um die zus\u00e4tzlichen Registrierungsfunktionen nutzen zu k\u00f6nnen.<\/p>\n<p><strong>4. Registrierungsfreie Funktion\/ Erforderlichkeit einer Registrierung und jeweils dbzgl. Pflichten<\/strong><\/p>\n<p>4.1. Die Nutzung des Internet-Auskunftsdienstes \u00fcber<span>\u00a0<\/span><a href=\"http:\/\/www.arzttermine.de\/\">www.arzttermine.de<\/a><span>\u00a0<\/span>in Form der Arztsuche und der Terminbuchung ist eine registrierungsfreie Funktion. Die weitergehende Funktion zur Vornahme von Nutzerinhalten ist hingegen nur nach erfolgreicher Registrierung m\u00f6glich.<\/p>\n<p>4.2. Bereits im Rahmen der registrierungsfreien Funktion (Terminbuchung) sichert jeder Nutzer zu, dass seine Angaben zu seiner Person jeweils aktuell, vollst\u00e4ndig sowie wahrheitsgem\u00e4\u00df sind.<\/p>\n<p>4.3. Bei der Registrierung, zwecks Nutzung der zus\u00e4tzlichen Funktionen w\u00e4hlt jeder Nutzer einen Benutzernamen und ein Passwort. Das Passwort sollte aus min. 8 Zeichen, Gro\u00df-und Kleinbuchstaben, Zahlen und Sonderzeichen bestehen. Der Nutzer verpflichtet sich, sein Passwort geheim zu halten und vor dem unberechtigten Zugriff durch Dritte ausreichend zu sichern. Der Betreiber gibt das Passwort nicht an Dritte weiter und wird den Nutzer zu keinem Zeitpunkt nach seinem Passwort fragen.<\/p>\n<p><strong>5. Vertragsschluss zwischen Betreiber und Nutzer<\/strong><\/p>\n<p>Durch den Registrierungsvorgang oder die Terminbuchung ohne Registrierung nach Ziffer 4 kommt ein Vertragsverh\u00e4ltnis \u00fcber die kostenlose Nutzung des Internet-Auskunftsdienstes zwischen Betreiber und Nutzer zustande, wodurch die Regelungen dieser AGB Anwendung finden (nachfolgend \u201eNutzungsvertrag\u201c genannt).<\/p>\n<p><strong>6. Pflichten des Nutzers<\/strong><\/p>\n<p>6.1. Jeder Nutzer ist f\u00fcr sein durch die Registrierung aktiviertes Profil und f\u00fcr die von ihm hier\u00fcber ausgehenden Nutzerinhalte selbst verantwortlich. Der Nutzer verpflichtet sich bei der Einstellung von Inhalten und bei seinen sonstigen Nutzerbeitr\u00e4gen sowie bei allen von seinem Benutzerprofil ausgehenden Inhalten, die jeweils anwendbaren Gesetze zu beachten. Des Weiteren verpflichtet sich der Nutzer ferner, jegliche missbr\u00e4uchliche Nutzung des Systems und der darin angebotenen Dienste zu unterlassen.<\/p>\n<p>6.2. Insbesondere verpflichtet sich jeder Nutzer im Rahmen der Nutzung des Internet-Auskunftsdienstes zu Folgendem:<\/p>\n<ul>\n<li>sich nicht als eine andere nat\u00fcrliche Person auszugeben und andere Nutzer oder \u00c4rzte \u00fcber die eigene Identit\u00e4t zu t\u00e4uschen;<\/li>\n<li>sein Profil nicht auf andere Nutzer zu \u00fcbertragen oder dritten Personen den Zugang zu seinem Benutzerprofil zu erm\u00f6glichen;<\/li>\n<li>bei der Auswahl des eigenen Benutzernamens nicht Personen-, Firmen- oder sonstige Namen oder Bezeichnungen zu verwenden, die Marken-, Urheber- oder Pers\u00f6nlichkeitsrechte Anderer verletzen oder sonst gegen gesetzliche Bestimmungen versto\u00dfen;<\/li>\n<li>keine Benutzernamen oder sonstigen Bezeichnungen zu benutzen, die gewaltverherrlichend, volksverhetzend sind oder in Verbindung mit Pornographie, Kinderpornographie, Inzest, Sodomie, politischem oder religi\u00f6sem Extremismus oder Terrorismus in Verbindung stehen;<\/li>\n<li>keine Inhalte zu verbreiten, die Andere zu strafbaren oder sonst sittenwidrigen Handlungen bewegen k\u00f6nnten;<\/li>\n<li>das System des Internet-Auskunftsdienstes und die darin angebotenen Dienste nicht zu nutzen, um andere Personen zu bel\u00e4stigen, zu bedrohen oder sonst in ihrer W\u00fcrde, Ehre oder sexuellen Selbstbestimmung zu verletzen;<\/li>\n<li>Handlungen wie das Versenden von unbrauchbaren E-Mails, das Versenden oder Einstellen von Viren oder sonstigen Programmen (Spyware, Malware, Trojanische Pferde u.\u00e4.) zu unterlassen. Ferner alle Handlungen zu unterlassen, die den Bestand oder Betrieb des Datennetzes oder Rechenzentrums des Betreibers oder seiner Nutzer gef\u00e4hrden k\u00f6nnten;<\/li>\n<li>keine Schm\u00e4hkritik zu \u00fcben und keine Verleumdungen, Beleidigungen, L\u00fcgen oder Falschinformationen zu verbreiten;<\/li>\n<li>nicht ohne die Zustimmung des Rechtsinhabers Inhalte zu verbreiten, die urheberrechtlich oder durch gewerbliche Schutzrechte gesch\u00fctzt sind;<\/li>\n<li>Inhalte, die im Rahmen der Systems zug\u00e4nglich sind, nicht ohne ausdr\u00fcckliche Zustimmung des Betreibers in anderen Webseiten einzustellen oder sonst zu vermarkten oder zu verbreiten.<\/li>\n<li>keine Links auf gegen geltendes Recht versto\u00dfende, jugendgef\u00e4hrdende oder sonst unzul\u00e4ssige Webseiten oder Inhalte zu setzen.<\/li>\n<\/ul>\n<p><strong>7. Rechte des Betreibers\/ Sanktionen und Ma\u00dfnahmen<\/strong><\/p>\n<p>7.1. Sobald konkrete Anhaltspunkte daf\u00fcr vorliegen, dass ein Nutzer gesetzliche Vorschriften, Rechte Dritter, diese AGB, die weiteren Betreiberrichtlinien verletzt und\/ oder zum Schutz anderer Nutzer oder \u00c4rzte ein sonstiges berechtigtes Interesse besteht, kann der Betreiber gegen einen Nutzer Ma\u00dfnahmen insbesondere die folgenden Ma\u00dfnahmen ergreifen:<\/p>\n<ul>\n<li>Inhalte, die bei Arzttermine.de eingestellt worden sind, l\u00f6schen;<\/li>\n<li>Nutzer verwarnen;<\/li>\n<li>die Nutzung des Systems beschr\u00e4nken;<\/li>\n<li>das Mitglied vorl\u00e4ufig sperren;<\/li>\n<li>das Mitglied endg\u00fcltig sperren.<\/li>\n<\/ul>\n<p>7.2. Die Auswahl der zu treffenden Ma\u00dfnahme erfolgt (gegebenenfalls nach entsprechender Anh\u00f6rung des betroffenen Nutzers) unter Ber\u00fccksichtigung des jeweiligen Verhaltens des Nutzers. Die Sperrung des Nutzers bewirkt das Schlie\u00dfen aller auf seinen Namen er\u00f6ffneten oder ihm zurechenbaren Benutzerprofile. Bei endg\u00fcltig gesperrten Nutzern besteht kein Anspruch auf Wiederherstellung des gesperrten Benutzerprofils oder auf Er\u00f6ffnung eines neuen Benutzerprofils.<\/p>\n<p><strong>8. Laufzeit\/ K\u00fcndigung<\/strong><\/p>\n<p>8.1. Ein jeder Nutzer kann den Nutzungsvertrag jederzeit, ohne Angaben von Gr\u00fcnden, durch Versenden einer K\u00fcndigungserkl\u00e4rung in Textform, per E-Mail an<span>\u00a0<\/span><a href=\"mailto:info@arzttermine.de\">info@arzttermine.de<\/a><span>\u00a0<\/span>k\u00fcndigen<\/p>\n<p>8.2. Der Betreiber ist berechtigt, den Nutzungsvertrage bei Versto\u00df gegen diese AGB mit einer Frist von 14 Tagen zum jeweiligen Monatsende zu k\u00fcndigen. Das Recht zur Sperrung sowie die weiteren Ma\u00dfnahmen im Sinne der Ziffer 8 dieser AGB bleiben hiervon unber\u00fchrt.<\/p>\n<p><strong>9. Eigentums-, Urheber- und Nutzungsrechte<\/strong><\/p>\n<p>9.1. Der Betreiber \u00fcbertr\u00e4gt dem Nutzer keinerlei Eigentums-, Urheber- oder sonstige Schutzrechte an den Programmfunktionen des jeweiligen Benutzerkontos.<\/p>\n<p>9.2. Der Nutzer r\u00e4umt dem Betreiber im Rahmen der datenschutzrechtlichen Bestimmungen ein nicht-ausschlie\u00dfliches Nutzungsrecht im Sinne des Gesetzes \u00fcber das Urheberrecht an den von ihm eingegebenen Daten ein, soweit dies zur Durchf\u00fchrung des Nutzervertrages erforderlich ist. Mit dem Einstellen von Inhalten versichert der Nutzer, dass er \u00fcber alle Rechte zur Ver\u00f6ffentlichung und Verwertung der Inhalte verf\u00fcgt.<\/p>\n<p><strong>10. Datenschutz<\/strong><\/p>\n<p>10.1. Bei der Preisgabe von Daten bedarf es Vertrauen. Jeder Teilnehmer im Rechtsverkehr hat ein enormes Interesse daran bestimmen zu k\u00f6nnen, ob und wie mit seinen Daten verfahren wird. Der Schutz von personenbezogenen Daten ist f\u00fcr den Betreiber daher ein zentrales Anliegen und von gro\u00dfer Bedeutung. Damit sich der Nutzer bei der Nutzung dieses Interner-Auskunftsdienstes sicher f\u00fchlt, erhebt, verarbeitet (insbesondere speichert) und nutzt der Betreiber personenbezogene Daten unter strenger Beachtung der einschl\u00e4gigen Vorschriften des BDSG (Bundesdatenschutzgesetz), des Telemediengesetzes (TMG), der europ\u00e4ischen Datenschutzbestimmungen.<\/p>\n<p>10.2. Der Betreiber erhebt, verarbeitet (insbesondere: speichert) und nutzt personenbezogene Daten des Nutzers ausschlie\u00dflich zum Zweck der Durchf\u00fchrung der mit dem Inter-Auskunftsdienst verbundenen und \u00fcber diese Plattform angebotenen Dienste.<\/p>\n<p>10.3. Der Betreiber wird die personenbezogenen Daten der Nutzer nicht unbefugt an sonstige Dritte weitergeben oder unbefugt zur Kenntnis bringen.<\/p>\n<p>10.4. Der Nutzer hat jederzeit das Recht auf kostenlose Auskunft, Berichtigung, Sperrung und L\u00f6schung der gespeicherten Daten.<\/p>\n<p>10.5. Einzelheiten zur Verarbeitung der Daten der Nutzer sind in den<span>\u00a0<\/span><a href=\"https:\/\/www.medexo.com\/Datenschutz\">Datenschutzhinweisen<\/a><span>\u00a0<\/span>des Betreibers, die unter der Internetplattform<span>\u00a0<\/span><a href=\"http:\/\/www.arzttermine.de\/\">www.arzttermine.de<\/a><span>\u00a0<\/span>unter \u201eDatenschutz\u201c erreichbar sind, detailliert beschrieben und geregelt.<\/p>\n<p><strong>11. Haftung<\/strong><\/p>\n<p>11.1. Die von dem Betreiber angebotenen Dienste, Leistungen und Inhalte sollen eine professionelle Beratung oder Auskunftserteilung weder darstellen noch diese in irgendeiner Weise ersetzen. Von Nutzern ver\u00f6ffentlichte Bewertungen und Empfehlungen sind subjektive Meinungen der Nutzer und geben in keiner Weise die Auffassung des Betreibers wieder, noch sind sie dem Betreiber zurechenbar. Bewertungen, Empfehlungen oder sonstige Tipps der Nutzer stellen aus diesem Grund auch keine Kauf-, Kontrahierungs-, Kontakt- oder sonstige Empfehlung bzw. Auskunft des Betreibers dar, sondern ausschlie\u00dflich eine subjektive Meinung des jeweiligen Nutzers. Der Betreiber \u00fcbernimmt f\u00fcr die von Nutzern generierten Inhalte und f\u00fcr den durch die Gesamtheit der Inhalte aller Nutzer entstehenden Eindruck keine Garantie oder Haftung. Jede Art der Verwertung oder Nutzung der eingestellten Inhalte erfolgt daher ausschlie\u00dflich auf eigene Gefahr. Die genannten Inhalte k\u00f6nnen nur als Empfehlung bzw. Auskunft gewertet werden und sollten bei Vertragsabschl\u00fcssen nicht als Gesch\u00e4ftsgrundlage, sondern allenfalls als ein Indiz f\u00fcr die Qualit\u00e4t und Zuverl\u00e4ssigkeit der jeweiligen \u00c4rzte verstanden werden. Der Betreiber haftet auch nicht f\u00fcr den durch das Zusammenspiel der einzelnen Bewertungen sowie Empfehlungen entstehenden Gesamteindruck und den auf einen solchen Gesamteindruck zur\u00fcckzuf\u00fchrenden materiellen oder immateriellen Schaden.<\/p>\n<p>11.2. Hinsichtlich der Haftung des Betreibers, die aus der Verletzung von Pflichten im Rahmen des Nutzungsvertrages resultiert, ist die Haftung gleich aus welchem Rechtsgrund, der H\u00f6he nach auf die bei Vertragsschluss vertragstypisch vorhersehbaren Sch\u00e4den beschr\u00e4nkt. Dies gilt nicht, f\u00fcr die Verletzung von vertragswesentlichen Pflichten, d.h. vertragliche Verpflichtungen, deren Erf\u00fcllung die ordnungsgem\u00e4\u00dfe Durchf\u00fchrung des Vertrages \u00fcberhaupt erst erm\u00f6glicht und auf deren Einhaltung der Nutzer regelm\u00e4\u00dfig vertraut und vertrauen darf, f\u00fcr Sch\u00e4den an K\u00f6rper, Leben und Gesundheit, f\u00fcr vors\u00e4tzliche oder grob fahrl\u00e4ssige Pflichtverletzungen des Betreibers, seinen gesetzlichen Vertretern oder seinen Erf\u00fcllungsgehilfen, f\u00fcr Haftung nach dem Produkthaftungsgesetz und f\u00fcr Anspr\u00fcche aus Garantien.<\/p>\n<p>11.3. Der Betreiber kann weder f\u00fcr falsche Angaben in den Registrierungen verantwortlich gemacht werden, noch f\u00fcr technisch begr\u00fcndete \u00dcbertragungsverz\u00f6gerungen oder Ausf\u00e4lle.<\/p>\n<p>11.4. Der Betreiber \u00fcbernimmt keine Haftung f\u00fcr die unterbrechungsfreie Verf\u00fcgbarkeit des Systems sowie f\u00fcr systembedingte Ausf\u00e4lle, Unterbrechungen und\/oder St\u00f6rungen der technischen Anlagen und der Plattformdienstleistungen, soweit diese Symptome au\u00dferhalb des Einflussbereichs des Betreibers liegen. Der Betreiber haftet insbesondere nicht f\u00fcr St\u00f6rungen der Qualit\u00e4t des Zugangs zu den Plattformdienstleistungen aufgrund h\u00f6herer Gewalt oder aufgrund von Ereignissen, die der Betreiber nicht zu vertreten hat. Insbesondere dem Ausfall von Kommunikationsnetzen und Gateways. F\u00fcr unwesentliche Unterbrechungen der Plattformdienstleistungen \u00fcbernimmt der Betreiber grunds\u00e4tzlich keine Haftung.<\/p>\n<p>11.5. Des Weiteren haftet der Betreiber nicht f\u00fcr die unbefugte Kenntniserlangung Dritter von pers\u00f6nlichen Daten der Nutzer (z.B. infolge eines unbefugten Zugriffs von \u201eHackern\u201c auf die Datenbank), es sei denn der Betreiber und\/oder Erf\u00fcllungsgehilfen des Betreibers haben die unbefugte Kenntniserlangung von pers\u00f6nlichen Daten durch Dritte vors\u00e4tzlich oder grob fahrl\u00e4ssig erm\u00f6glicht.<\/p>\n<p>11.6. Trotz umfangreicher Bem\u00fchungen, das eigene System von externen Viren, W\u00fcrmen, und weiteren Schadensverursachern frei zu halten, kann der Betreiber die Fehler- und Virenfreiheit des Systems nicht garantieren.<\/p>\n<p><strong>12. Schlussbestimmungen<\/strong><\/p>\n<p>12.1. Der Nutzungsvertrag unterliegt dem materiellen Recht der Bundesrepublik Deutschland, unter Ausschluss des UN-Kaufrechts.<\/p>\n<p>12.2. Die Vertragssprache ist Deutsch.<\/p>\n<p>12.3. Der Betreiber ist berechtigt (mit einer Ank\u00fcndigungsfrist von vier (4) Wochen) seine Rechte und Pflichten aus diesem Nutzungsvertrag ganz oder teilweise auf einen Dritten zu \u00fcbertragen. In diesem Fall ist der Nutzer berechtigt, den Nutzungsvertrag nach Mitteilung der Vertrags\u00fcbernahme per E-Mail an<span>\u00a0<\/span><a href=\"mailto:info@arzttermine.de\">info@arzttermine.de<\/a><span>\u00a0<\/span>zu k\u00fcndigen.<\/p>\n<p>12.4. Gerichtsstand ist, soweit rechtlich zul\u00e4ssig, N\u00fcrnberg.<\/p>\n<p>12.5. S\u00e4mtliche Erkl\u00e4rungen, die im Rahmen des mit dem Betreiber abzuschlie\u00dfenden Nutzungsvertrages \u00fcbermittelt werden, m\u00fcssen in Schriftform oder per E-Mail an<span>\u00a0<\/span><a href=\"mailto:info@arzttermine.de\">info@arzttermine.de<\/a><span>\u00a0<\/span>erfolgen.<\/p>\n<p>12.6. Der Betreiber beh\u00e4lt sich vor, diese AGB jederzeit und ohne Nennung von Gr\u00fcnden zu \u00e4ndern. Die ge\u00e4nderten Bedingungen werden den Nutzern per E-Mail sp\u00e4testens zwei Wochen vor ihrem Inkrafttreten zugesendet. Widerspricht ein Nutzer der Geltung der neuen AGB nicht innerhalb von zwei Wochen nach Empfang der E-Mail, gelten die ge\u00e4nderten AGB als angenommen. Der Betreiber wird die Nutzer in der E-Mail, die die ge\u00e4nderten Bedingungen enth\u00e4lt, auf die Bedeutung dieser Zweiwochenfrist gesondert hinweisen.[\/vc_column_text][\/vc_column][\/vc_row][\/vc_section]<\/p>\n","protected":false},"excerpt":{"rendered":"<p>[vc_section][vc_row][vc_column][vc_column_text] Allgemeine Nutzungsbedingungen der Internetplattform www.arzttermine.de [\/vc_column_text][\/vc_column][\/vc_row][vc_row][vc_column][vc_separator css=&#8220;.vc_custom_1501578383424{padding-top: 15px !important;padding-bottom: 30px !important;}&#8220;][\/vc_column][\/vc_row][vc_row][vc_column css=&#8220;.vc_custom_1501578414958{margin-top: 30px !important;}&#8220;][vc_column_text]1. Vertragsgegenstand und Geltungsbereich 1.1. Die \u00e4rzte.de MediService GmbH &amp; Co. KG (nachfolgend \u201eBetreiber\u201c genannt) betreibt die Internetplattform\u00a0www.arzttermine.de\u00a0\u00fcber die Privatpersonen (nachfolgend \u201eNutzer\u201c genannt) Informationen \u00fcber niedergelassene \u00c4rzte innerhalb der Bundesrepublik Deutschland (nachfolgend \u201e\u00c4rzte\u201c genannt) u. a. hinsichtlich freier Termine, der Lage [&hellip;]<\/p>\n","protected":false},"author":1,"featured_media":0,"parent":0,"menu_order":0,"comment_status":"closed","ping_status":"closed","template":"","meta":{"inline_featured_image":false,"footnotes":""},"yoast_head":"<!-- This site is optimized with the Yoast SEO plugin v19.7.2 - https:\/\/yoast.com\/wordpress\/plugins\/seo\/ -->\n<title>Allgemeine Nutzungsbedingungen der Internetplattform - Arzttermine.de<\/title>\n<meta name=\"robots\" content=\"index, follow, max-snippet:-1, max-image-preview:large, max-video-preview:-1\" \/>\n<link rel=\"canonical\" href=\"https:\/\/www.arzttermine.de\/s\/agb\/\" \/>\n<meta property=\"og:locale\" content=\"de_DE\" \/>\n<meta property=\"og:type\" content=\"article\" \/>\n<meta property=\"og:title\" content=\"Allgemeine Nutzungsbedingungen der Internetplattform - Arzttermine.de\" \/>\n<meta property=\"og:description\" content=\"[vc_section][vc_row][vc_column][vc_column_text] Allgemeine Nutzungsbedingungen der Internetplattform www.arzttermine.de [\/vc_column_text][\/vc_column][\/vc_row][vc_row][vc_column][vc_separator css=&#8220;.vc_custom_1501578383424{padding-top: 15px !important;padding-bottom: 30px !important;}&#8220;][\/vc_column][\/vc_row][vc_row][vc_column css=&#8220;.vc_custom_1501578414958{margin-top: 30px !important;}&#8220;][vc_column_text]1. Vertragsgegenstand und Geltungsbereich 1.1. Die \u00e4rzte.de MediService GmbH &amp; Co. KG (nachfolgend \u201eBetreiber\u201c genannt) betreibt die Internetplattform\u00a0www.arzttermine.de\u00a0\u00fcber die Privatpersonen (nachfolgend \u201eNutzer\u201c genannt) Informationen \u00fcber niedergelassene \u00c4rzte innerhalb der Bundesrepublik Deutschland (nachfolgend \u201e\u00c4rzte\u201c genannt) u. a. hinsichtlich freier Termine, der Lage [&hellip;]\" \/>\n<meta property=\"og:url\" content=\"https:\/\/www.arzttermine.de\/s\/agb\/\" \/>\n<meta property=\"og:site_name\" content=\"Arzttermine.de\" \/>\n<meta property=\"article:modified_time\" content=\"2022-05-24T07:54:43+00:00\" \/>\n<meta name=\"twitter:card\" content=\"summary\" \/>\n<meta name=\"twitter:label1\" content=\"Gesch\u00e4tzte Lesezeit\" \/>\n\t<meta name=\"twitter:data1\" content=\"12\u00a0Minuten\" \/>\n<script type=\"application\/ld+json\" class=\"yoast-schema-graph\">{\"@context\":\"https:\/\/schema.org\",\"@graph\":[{\"@type\":\"WebPage\",\"@id\":\"https:\/\/www.arzttermine.de\/s\/agb\/\",\"url\":\"https:\/\/www.arzttermine.de\/s\/agb\/\",\"name\":\"Allgemeine Nutzungsbedingungen der Internetplattform - Arzttermine.de\",\"isPartOf\":{\"@id\":\"https:\/\/www.arzttermine.de\/s\/#website\"},\"datePublished\":\"2017-08-02T15:40:52+00:00\",\"dateModified\":\"2022-05-24T07:54:43+00:00\",\"breadcrumb\":{\"@id\":\"https:\/\/www.arzttermine.de\/s\/agb\/#breadcrumb\"},\"inLanguage\":\"de\",\"potentialAction\":[{\"@type\":\"ReadAction\",\"target\":[\"https:\/\/www.arzttermine.de\/s\/agb\/\"]}]},{\"@type\":\"BreadcrumbList\",\"@id\":\"https:\/\/www.arzttermine.de\/s\/agb\/#breadcrumb\",\"itemListElement\":[{\"@type\":\"ListItem\",\"position\":1,\"name\":\"Startseite\",\"item\":\"https:\/\/www.arzttermine.de\/s\/\"},{\"@type\":\"ListItem\",\"position\":2,\"name\":\"Allgemeine Nutzungsbedingungen der Internetplattform\"}]},{\"@type\":\"WebSite\",\"@id\":\"https:\/\/www.arzttermine.de\/s\/#website\",\"url\":\"https:\/\/www.arzttermine.de\/s\/\",\"name\":\"Arzttermine.de\",\"description\":\"\",\"potentialAction\":[{\"@type\":\"SearchAction\",\"target\":{\"@type\":\"EntryPoint\",\"urlTemplate\":\"https:\/\/www.arzttermine.de\/s\/?s={search_term_string}\"},\"query-input\":\"required name=search_term_string\"}],\"inLanguage\":\"de\"}]}<\/script>\n<!-- \/ Yoast SEO plugin. -->","yoast_head_json":{"title":"Allgemeine Nutzungsbedingungen der Internetplattform - Arzttermine.de","robots":{"index":"index","follow":"follow","max-snippet":"max-snippet:-1","max-image-preview":"max-image-preview:large","max-video-preview":"max-video-preview:-1"},"canonical":"https:\/\/www.arzttermine.de\/s\/agb\/","og_locale":"de_DE","og_type":"article","og_title":"Allgemeine Nutzungsbedingungen der Internetplattform - Arzttermine.de","og_description":"[vc_section][vc_row][vc_column][vc_column_text] Allgemeine Nutzungsbedingungen der Internetplattform www.arzttermine.de [\/vc_column_text][\/vc_column][\/vc_row][vc_row][vc_column][vc_separator css=&#8220;.vc_custom_1501578383424{padding-top: 15px !important;padding-bottom: 30px !important;}&#8220;][\/vc_column][\/vc_row][vc_row][vc_column css=&#8220;.vc_custom_1501578414958{margin-top: 30px !important;}&#8220;][vc_column_text]1. Vertragsgegenstand und Geltungsbereich 1.1. Die \u00e4rzte.de MediService GmbH &amp; Co. KG (nachfolgend \u201eBetreiber\u201c genannt) betreibt die Internetplattform\u00a0www.arzttermine.de\u00a0\u00fcber die Privatpersonen (nachfolgend \u201eNutzer\u201c genannt) Informationen \u00fcber niedergelassene \u00c4rzte innerhalb der Bundesrepublik Deutschland (nachfolgend \u201e\u00c4rzte\u201c genannt) u. a. hinsichtlich freier Termine, der Lage [&hellip;]","og_url":"https:\/\/www.arzttermine.de\/s\/agb\/","og_site_name":"Arzttermine.de","article_modified_time":"2022-05-24T07:54:43+00:00","twitter_card":"summary","twitter_misc":{"Gesch\u00e4tzte Lesezeit":"12\u00a0Minuten"},"schema":{"@context":"https:\/\/schema.org","@graph":[{"@type":"WebPage","@id":"https:\/\/www.arzttermine.de\/s\/agb\/","url":"https:\/\/www.arzttermine.de\/s\/agb\/","name":"Allgemeine Nutzungsbedingungen der Internetplattform - Arzttermine.de","isPartOf":{"@id":"https:\/\/www.arzttermine.de\/s\/#website"},"datePublished":"2017-08-02T15:40:52+00:00","dateModified":"2022-05-24T07:54:43+00:00","breadcrumb":{"@id":"https:\/\/www.arzttermine.de\/s\/agb\/#breadcrumb"},"inLanguage":"de","potentialAction":[{"@type":"ReadAction","target":["https:\/\/www.arzttermine.de\/s\/agb\/"]}]},{"@type":"BreadcrumbList","@id":"https:\/\/www.arzttermine.de\/s\/agb\/#breadcrumb","itemListElement":[{"@type":"ListItem","position":1,"name":"Startseite","item":"https:\/\/www.arzttermine.de\/s\/"},{"@type":"ListItem","position":2,"name":"Allgemeine Nutzungsbedingungen der Internetplattform"}]},{"@type":"WebSite","@id":"https:\/\/www.arzttermine.de\/s\/#website","url":"https:\/\/www.arzttermine.de\/s\/","name":"Arzttermine.de","description":"","potentialAction":[{"@type":"SearchAction","target":{"@type":"EntryPoint","urlTemplate":"https:\/\/www.arzttermine.de\/s\/?s={search_term_string}"},"query-input":"required name=search_term_string"}],"inLanguage":"de"}]}},"_links":{"self":[{"href":"https:\/\/www.arzttermine.de\/s\/wp-json\/wp\/v2\/pages\/282"}],"collection":[{"href":"https:\/\/www.arzttermine.de\/s\/wp-json\/wp\/v2\/pages"}],"about":[{"href":"https:\/\/www.arzttermine.de\/s\/wp-json\/wp\/v2\/types\/page"}],"author":[{"embeddable":true,"href":"https:\/\/www.arzttermine.de\/s\/wp-json\/wp\/v2\/users\/1"}],"replies":[{"embeddable":true,"href":"https:\/\/www.arzttermine.de\/s\/wp-json\/wp\/v2\/comments?post=282"}],"version-history":[{"count":10,"href":"https:\/\/www.arzttermine.de\/s\/wp-json\/wp\/v2\/pages\/282\/revisions"}],"predecessor-version":[{"id":2613,"href":"https:\/\/www.arzttermine.de\/s\/wp-json\/wp\/v2\/pages\/282\/revisions\/2613"}],"wp:attachment":[{"href":"https:\/\/www.arzttermine.de\/s\/wp-json\/wp\/v2\/media?parent=282"}],"curies":[{"name":"wp","href":"https:\/\/api.w.org\/{rel}","templated":true}]}}