{"id":1334,"date":"2017-09-11T15:56:48","date_gmt":"2017-09-11T13:56:48","guid":{"rendered":"http:\/\/arzttermine-inhalt.atweb.arzttermine.de\/?page_id=1334"},"modified":"2017-09-11T16:29:03","modified_gmt":"2017-09-11T14:29:03","slug":"hals-nasen-ohrenheilkunde","status":"publish","type":"page","link":"https:\/\/www.arzttermine.de\/s\/medizinische-fachgebiete\/hals-nasen-ohrenheilkunde\/","title":{"rendered":"Hals-Nasen-Ohrenheilkunde"},"content":{"rendered":"<p>[vc_section][\/vc_section][vc_section][vc_row][vc_column][vc_column_text]<\/p>\n<h1 style=\"text-align: center;\">Hals-Nasen-Ohrenheilkunde<\/h1>\n<p>[\/vc_column_text][\/vc_column][\/vc_row][vc_row full_width=&#8220;stretch_row&#8220;][vc_column][vc_separator css=&#8220;.vc_custom_1501578383424{padding-top: 15px !important;padding-bottom: 30px !important;}&#8220;]\n\t\t\t<section class=\" bg--secondary imageblock switchable feature-large\">\n\t\t\t    <div class=\"imageblock__content col-md-4 col-sm-3 pos-right\">\n\t\t\t        <div class=\"background-image-holder\"><img loading=\"lazy\" decoding=\"async\" width=\"424\" height=\"283\" src=\"https:\/\/www.arzttermine.de\/s\/wp-content\/uploads\/2017\/08\/Fotolia_77790177_XS.jpg\" class=\"attachment-full size-full\" alt=\"\" srcset=\"https:\/\/www.arzttermine.de\/s\/wp-content\/uploads\/2017\/08\/Fotolia_77790177_XS.jpg 424w, https:\/\/www.arzttermine.de\/s\/wp-content\/uploads\/2017\/08\/Fotolia_77790177_XS-300x200.jpg 300w\" sizes=\"(max-width: 424px) 100vw, 424px\" \/><\/div>\n\t\t\t    <\/div>\n\t\t\t    <div class=\"container\">\n\t\t\t        <div class=\"row\">\n\t\t\t            <div class=\"col-md-7 col-sm-8\">[vc_column_text]Wussten Sie, dass der Mittelohrknochen der einzige Knochen ist, der w\u00e4hrend unseres gesamten Lebens nicht w\u00e4chst? Ihr HNO-Arzt wei\u00df das bestimmt, denn wenn es an allen Ecken rund um den Kopf schmerzt, dann wei\u00df der Facharzt f\u00fcr Hals-Nasen-Ohrenheilkunde Rat, oder wer gerne mit Fachwissen um sich schmei\u00dfen m\u00f6chte: der Facharzt der Otorhinolaryngologie. Er ist Ansprechpartner f\u00fcr diejenigen Organe, die drei unserer f\u00fcnf Sinne, manchmal auch sechs, regeln: H\u00f6ren, Riechen und Schmecken. Er besch\u00e4ftigt sich mit Erkrankungen, Fehlst\u00f6rungen rund um das Ohr und die Luft- und Atemwege. Auch die Allergiediagnostik und -therapie geh\u00f6rt zum Leistungsspektrum vieler HNO-Praxen.[\/vc_column_text]<\/div>\n\t\t\t        <\/div><!--end of row-->\n\t\t\t    <\/div><!--end of container-->\n\t\t\t<\/section>\n\t\t[\/vc_column][\/vc_row][\/vc_section][vc_row][vc_column width=&#8220;1\/3&#8243;][vc_icon icon_fontawesome=&#8220;fa fa-heartbeat&#8220; color=&#8220;sky&#8220; background_style=&#8220;rounded-outline&#8220; size=&#8220;lg&#8220; align=&#8220;center&#8220;][vc_column_text css=&#8220;.vc_custom_1505138134138{padding-right: 25px !important;padding-bottom: 20px !important;padding-left: 25px !important;}&#8220;]<\/p>\n<h4 style=\"text-align: center;\">Vorsorge<\/h4>\n<p><span>Das H\u00f6rscreening bei S\u00e4uglingen zeigt Fehlbildungen auf, die sp\u00e4tere Folgen mit sich ziehen k\u00f6nnen. Bei Einschr\u00e4nkungen des gewohnten H\u00f6rsinns wird ein H\u00f6rtest durchgef\u00fchrt. Allergien k\u00f6nnen bei Lebensmitteln, Tierhaaren oder auch Hausstaub und Pollen ausgel\u00f6st werden, wobei eine Hyposensibilisierung das Leiden allergiegeplagter Patienten lindern kann.\u00a0<\/span><br \/>\n<a title=\"Erfahren Sie mehr\" href=\"http:\/\/www.hno.org\/\" target=\"_blank\" rel=\"noopener\">Weitere Informationen<\/a>[\/vc_column_text][\/vc_column][vc_column width=&#8220;1\/3&#8243;][vc_icon icon_fontawesome=&#8220;fa fa-user-md&#8220; color=&#8220;sky&#8220; background_style=&#8220;rounded-outline&#8220; size=&#8220;lg&#8220; align=&#8220;center&#8220;][vc_column_text css=&#8220;.vc_custom_1505138153447{padding-right: 25px !important;padding-bottom: 20px !important;padding-left: 25px !important;}&#8220;]<\/p>\n<h4 style=\"text-align: center;\">Diagnose<\/h4>\n<p><span>In einer HNO-Praxis werden sowohl akute Erkrankungen, wie zum Beispiel eine typische Erk\u00e4ltung, Halsschmerzen oder Husten, als auch chronische Erkrankungen, wie die altersbedingte Schwerh\u00f6rigkeit oder eine chronische Nasennebenh\u00f6hlenentz\u00fcndungen behandelt. Typische Symptome f\u00fcr eine Erkrankung im HNO-Bereich sind unter anderem Heiserkeit, Nasenbluten, Ohrenschmerzen oder Schluckst\u00f6rungen.<\/span><br \/>\n<a title=\"Weitere Informationen finden Sie hier\" href=\"http:\/\/www.netdoktor.de\/Gesund-Leben\/Anatomie\/Hals-Nase-Ohren-HNO-12135.html\" target=\"_blank\" rel=\"noopener\">Weitere Informationen<\/a>[\/vc_column_text][\/vc_column][vc_column width=&#8220;1\/3&#8243;][vc_icon icon_fontawesome=&#8220;fa fa-medkit&#8220; color=&#8220;sky&#8220; background_style=&#8220;rounded-outline&#8220; size=&#8220;lg&#8220; align=&#8220;center&#8220;][vc_column_text css=&#8220;.vc_custom_1505138169691{padding-right: 25px !important;padding-bottom: 20px !important;padding-left: 25px !important;}&#8220;]<\/p>\n<h4 style=\"text-align: center;\">Behandlung<\/h4>\n<p><span>Je nach Krankheitsbild und Symptome stellt der HNO-Arzt eine effektive Therapie zusammen, um die Beschwerden der Patientin schnellstm\u00f6glich zu lindern. Bei einigen Krankheitsf\u00e4llen kann durch ein operativer Eingriff, wie Trommelfellschnitte bei chronischen Mittelohrentz\u00fcndungen oder Nasenoperationen bei Nasenatmungsbehinderungen, helfen.\u00a0<\/span><br \/>\n<a title=\"Weitere Informationen finden Sie hier\" href=\"http:\/\/www.paradisi.de\/Health_und_Ernaehrung\/Heilberufe\/Hals-Nasen-Ohren-Aerzte\/\" target=\"_blank\" rel=\"noopener\">Weitere Informationen<\/a>[\/vc_column_text][\/vc_column][\/vc_row][vc_row][vc_column][\/vc_column][\/vc_row]<\/p>\n","protected":false},"excerpt":{"rendered":"<p>[vc_section][\/vc_section][vc_section][vc_row][vc_column][vc_column_text] Hals-Nasen-Ohrenheilkunde [\/vc_column_text][\/vc_column][\/vc_row][vc_row full_width=&#8220;stretch_row&#8220;][vc_column][vc_separator css=&#8220;.vc_custom_1501578383424{padding-top: 15px !important;padding-bottom: 30px !important;}&#8220;][\/vc_column][\/vc_row][\/vc_section][vc_row][vc_column width=&#8220;1\/3&#8243;][vc_icon icon_fontawesome=&#8220;fa fa-heartbeat&#8220; color=&#8220;sky&#8220; background_style=&#8220;rounded-outline&#8220; size=&#8220;lg&#8220; align=&#8220;center&#8220;][vc_column_text css=&#8220;.vc_custom_1505138134138{padding-right: 25px !important;padding-bottom: 20px !important;padding-left: 25px !important;}&#8220;] Vorsorge Das H\u00f6rscreening bei S\u00e4uglingen zeigt Fehlbildungen auf, die sp\u00e4tere Folgen mit sich ziehen k\u00f6nnen. Bei Einschr\u00e4nkungen des gewohnten H\u00f6rsinns wird ein H\u00f6rtest durchgef\u00fchrt. Allergien k\u00f6nnen bei Lebensmitteln, Tierhaaren oder auch Hausstaub [&hellip;]<\/p>\n","protected":false},"author":1,"featured_media":0,"parent":1029,"menu_order":0,"comment_status":"closed","ping_status":"closed","template":"","meta":{"inline_featured_image":false,"footnotes":""},"yoast_head":"<!-- This site is optimized with the Yoast SEO plugin v19.7.2 - https:\/\/yoast.com\/wordpress\/plugins\/seo\/ -->\n<title>Hals-Nasen-Ohrenheilkunde - Arzttermine.de<\/title>\n<meta name=\"robots\" content=\"index, follow, max-snippet:-1, max-image-preview:large, max-video-preview:-1\" \/>\n<link rel=\"canonical\" href=\"https:\/\/www.arzttermine.de\/s\/medizinische-fachgebiete\/hals-nasen-ohrenheilkunde\/\" \/>\n<meta property=\"og:locale\" content=\"de_DE\" \/>\n<meta property=\"og:type\" content=\"article\" \/>\n<meta property=\"og:title\" content=\"Hals-Nasen-Ohrenheilkunde - Arzttermine.de\" \/>\n<meta property=\"og:description\" content=\"[vc_section][\/vc_section][vc_section][vc_row][vc_column][vc_column_text] Hals-Nasen-Ohrenheilkunde [\/vc_column_text][\/vc_column][\/vc_row][vc_row full_width=&#8220;stretch_row&#8220;][vc_column][vc_separator css=&#8220;.vc_custom_1501578383424{padding-top: 15px !important;padding-bottom: 30px !important;}&#8220;][\/vc_column][\/vc_row][\/vc_section][vc_row][vc_column width=&#8220;1\/3&#8243;][vc_icon icon_fontawesome=&#8220;fa fa-heartbeat&#8220; color=&#8220;sky&#8220; background_style=&#8220;rounded-outline&#8220; size=&#8220;lg&#8220; align=&#8220;center&#8220;][vc_column_text css=&#8220;.vc_custom_1505138134138{padding-right: 25px !important;padding-bottom: 20px !important;padding-left: 25px !important;}&#8220;] Vorsorge Das H\u00f6rscreening bei S\u00e4uglingen zeigt Fehlbildungen auf, die sp\u00e4tere Folgen mit sich ziehen k\u00f6nnen. Bei Einschr\u00e4nkungen des gewohnten H\u00f6rsinns wird ein H\u00f6rtest durchgef\u00fchrt. Allergien k\u00f6nnen bei Lebensmitteln, Tierhaaren oder auch Hausstaub [&hellip;]\" \/>\n<meta property=\"og:url\" content=\"https:\/\/www.arzttermine.de\/s\/medizinische-fachgebiete\/hals-nasen-ohrenheilkunde\/\" \/>\n<meta property=\"og:site_name\" content=\"Arzttermine.de\" \/>\n<meta property=\"article:modified_time\" content=\"2017-09-11T14:29:03+00:00\" \/>\n<meta name=\"twitter:card\" content=\"summary\" \/>\n<meta name=\"twitter:label1\" content=\"Gesch\u00e4tzte Lesezeit\" \/>\n\t<meta name=\"twitter:data1\" content=\"2\u00a0Minuten\" \/>\n<script type=\"application\/ld+json\" class=\"yoast-schema-graph\">{\"@context\":\"https:\/\/schema.org\",\"@graph\":[{\"@type\":\"WebPage\",\"@id\":\"https:\/\/www.arzttermine.de\/s\/medizinische-fachgebiete\/hals-nasen-ohrenheilkunde\/\",\"url\":\"https:\/\/www.arzttermine.de\/s\/medizinische-fachgebiete\/hals-nasen-ohrenheilkunde\/\",\"name\":\"Hals-Nasen-Ohrenheilkunde - Arzttermine.de\",\"isPartOf\":{\"@id\":\"https:\/\/www.arzttermine.de\/s\/#website\"},\"datePublished\":\"2017-09-11T13:56:48+00:00\",\"dateModified\":\"2017-09-11T14:29:03+00:00\",\"breadcrumb\":{\"@id\":\"https:\/\/www.arzttermine.de\/s\/medizinische-fachgebiete\/hals-nasen-ohrenheilkunde\/#breadcrumb\"},\"inLanguage\":\"de\",\"potentialAction\":[{\"@type\":\"ReadAction\",\"target\":[\"https:\/\/www.arzttermine.de\/s\/medizinische-fachgebiete\/hals-nasen-ohrenheilkunde\/\"]}]},{\"@type\":\"BreadcrumbList\",\"@id\":\"https:\/\/www.arzttermine.de\/s\/medizinische-fachgebiete\/hals-nasen-ohrenheilkunde\/#breadcrumb\",\"itemListElement\":[{\"@type\":\"ListItem\",\"position\":1,\"name\":\"Startseite\",\"item\":\"https:\/\/www.arzttermine.de\/s\/\"},{\"@type\":\"ListItem\",\"position\":2,\"name\":\"Medizinische Fachgebiete\",\"item\":\"https:\/\/www.arzttermine.de\/s\/medizinische-fachgebiete\/\"},{\"@type\":\"ListItem\",\"position\":3,\"name\":\"Hals-Nasen-Ohrenheilkunde\"}]},{\"@type\":\"WebSite\",\"@id\":\"https:\/\/www.arzttermine.de\/s\/#website\",\"url\":\"https:\/\/www.arzttermine.de\/s\/\",\"name\":\"Arzttermine.de\",\"description\":\"\",\"potentialAction\":[{\"@type\":\"SearchAction\",\"target\":{\"@type\":\"EntryPoint\",\"urlTemplate\":\"https:\/\/www.arzttermine.de\/s\/?s={search_term_string}\"},\"query-input\":\"required name=search_term_string\"}],\"inLanguage\":\"de\"}]}<\/script>\n<!-- \/ Yoast SEO plugin. -->","yoast_head_json":{"title":"Hals-Nasen-Ohrenheilkunde - Arzttermine.de","robots":{"index":"index","follow":"follow","max-snippet":"max-snippet:-1","max-image-preview":"max-image-preview:large","max-video-preview":"max-video-preview:-1"},"canonical":"https:\/\/www.arzttermine.de\/s\/medizinische-fachgebiete\/hals-nasen-ohrenheilkunde\/","og_locale":"de_DE","og_type":"article","og_title":"Hals-Nasen-Ohrenheilkunde - Arzttermine.de","og_description":"[vc_section][\/vc_section][vc_section][vc_row][vc_column][vc_column_text] Hals-Nasen-Ohrenheilkunde [\/vc_column_text][\/vc_column][\/vc_row][vc_row full_width=&#8220;stretch_row&#8220;][vc_column][vc_separator css=&#8220;.vc_custom_1501578383424{padding-top: 15px !important;padding-bottom: 30px !important;}&#8220;][\/vc_column][\/vc_row][\/vc_section][vc_row][vc_column width=&#8220;1\/3&#8243;][vc_icon icon_fontawesome=&#8220;fa fa-heartbeat&#8220; color=&#8220;sky&#8220; background_style=&#8220;rounded-outline&#8220; size=&#8220;lg&#8220; align=&#8220;center&#8220;][vc_column_text css=&#8220;.vc_custom_1505138134138{padding-right: 25px !important;padding-bottom: 20px !important;padding-left: 25px !important;}&#8220;] Vorsorge Das H\u00f6rscreening bei S\u00e4uglingen zeigt Fehlbildungen auf, die sp\u00e4tere Folgen mit sich ziehen k\u00f6nnen. Bei Einschr\u00e4nkungen des gewohnten H\u00f6rsinns wird ein H\u00f6rtest durchgef\u00fchrt. Allergien k\u00f6nnen bei Lebensmitteln, Tierhaaren oder auch Hausstaub [&hellip;]","og_url":"https:\/\/www.arzttermine.de\/s\/medizinische-fachgebiete\/hals-nasen-ohrenheilkunde\/","og_site_name":"Arzttermine.de","article_modified_time":"2017-09-11T14:29:03+00:00","twitter_card":"summary","twitter_misc":{"Gesch\u00e4tzte Lesezeit":"2\u00a0Minuten"},"schema":{"@context":"https:\/\/schema.org","@graph":[{"@type":"WebPage","@id":"https:\/\/www.arzttermine.de\/s\/medizinische-fachgebiete\/hals-nasen-ohrenheilkunde\/","url":"https:\/\/www.arzttermine.de\/s\/medizinische-fachgebiete\/hals-nasen-ohrenheilkunde\/","name":"Hals-Nasen-Ohrenheilkunde - Arzttermine.de","isPartOf":{"@id":"https:\/\/www.arzttermine.de\/s\/#website"},"datePublished":"2017-09-11T13:56:48+00:00","dateModified":"2017-09-11T14:29:03+00:00","breadcrumb":{"@id":"https:\/\/www.arzttermine.de\/s\/medizinische-fachgebiete\/hals-nasen-ohrenheilkunde\/#breadcrumb"},"inLanguage":"de","potentialAction":[{"@type":"ReadAction","target":["https:\/\/www.arzttermine.de\/s\/medizinische-fachgebiete\/hals-nasen-ohrenheilkunde\/"]}]},{"@type":"BreadcrumbList","@id":"https:\/\/www.arzttermine.de\/s\/medizinische-fachgebiete\/hals-nasen-ohrenheilkunde\/#breadcrumb","itemListElement":[{"@type":"ListItem","position":1,"name":"Startseite","item":"https:\/\/www.arzttermine.de\/s\/"},{"@type":"ListItem","position":2,"name":"Medizinische Fachgebiete","item":"https:\/\/www.arzttermine.de\/s\/medizinische-fachgebiete\/"},{"@type":"ListItem","position":3,"name":"Hals-Nasen-Ohrenheilkunde"}]},{"@type":"WebSite","@id":"https:\/\/www.arzttermine.de\/s\/#website","url":"https:\/\/www.arzttermine.de\/s\/","name":"Arzttermine.de","description":"","potentialAction":[{"@type":"SearchAction","target":{"@type":"EntryPoint","urlTemplate":"https:\/\/www.arzttermine.de\/s\/?s={search_term_string}"},"query-input":"required name=search_term_string"}],"inLanguage":"de"}]}},"_links":{"self":[{"href":"https:\/\/www.arzttermine.de\/s\/wp-json\/wp\/v2\/pages\/1334"}],"collection":[{"href":"https:\/\/www.arzttermine.de\/s\/wp-json\/wp\/v2\/pages"}],"about":[{"href":"https:\/\/www.arzttermine.de\/s\/wp-json\/wp\/v2\/types\/page"}],"author":[{"embeddable":true,"href":"https:\/\/www.arzttermine.de\/s\/wp-json\/wp\/v2\/users\/1"}],"replies":[{"embeddable":true,"href":"https:\/\/www.arzttermine.de\/s\/wp-json\/wp\/v2\/comments?post=1334"}],"version-history":[{"count":2,"href":"https:\/\/www.arzttermine.de\/s\/wp-json\/wp\/v2\/pages\/1334\/revisions"}],"predecessor-version":[{"id":1336,"href":"https:\/\/www.arzttermine.de\/s\/wp-json\/wp\/v2\/pages\/1334\/revisions\/1336"}],"up":[{"embeddable":true,"href":"https:\/\/www.arzttermine.de\/s\/wp-json\/wp\/v2\/pages\/1029"}],"wp:attachment":[{"href":"https:\/\/www.arzttermine.de\/s\/wp-json\/wp\/v2\/media?parent=1334"}],"curies":[{"name":"wp","href":"https:\/\/api.w.org\/{rel}","templated":true}]}}