{"id":1328,"date":"2017-09-11T15:46:53","date_gmt":"2017-09-11T13:46:53","guid":{"rendered":"http:\/\/arzttermine-inhalt.atweb.arzttermine.de\/?page_id=1328"},"modified":"2017-09-11T16:31:48","modified_gmt":"2017-09-11T14:31:48","slug":"orthopaedie","status":"publish","type":"page","link":"https:\/\/www.arzttermine.de\/s\/medizinische-fachgebiete\/orthopaedie\/","title":{"rendered":"Orthop\u00e4die"},"content":{"rendered":"<p>[vc_section][\/vc_section][vc_section][vc_row][vc_column][vc_column_text]<\/p>\n<h1 style=\"text-align: center;\">Orthop\u00e4die<\/h1>\n<p>[\/vc_column_text][\/vc_column][\/vc_row][vc_row full_width=&#8220;stretch_row&#8220;][vc_column][vc_separator css=&#8220;.vc_custom_1501578383424{padding-top: 15px !important;padding-bottom: 30px !important;}&#8220;]\n\t\t\t<section class=\" bg--secondary imageblock switchable feature-large\">\n\t\t\t    <div class=\"imageblock__content col-md-4 col-sm-3 pos-right\">\n\t\t\t        <div class=\"background-image-holder\"><img loading=\"lazy\" decoding=\"async\" width=\"424\" height=\"283\" src=\"https:\/\/www.arzttermine.de\/s\/wp-content\/uploads\/2017\/08\/Fotolia_58027592_XS.jpg\" class=\"attachment-full size-full\" alt=\"\" srcset=\"https:\/\/www.arzttermine.de\/s\/wp-content\/uploads\/2017\/08\/Fotolia_58027592_XS.jpg 424w, https:\/\/www.arzttermine.de\/s\/wp-content\/uploads\/2017\/08\/Fotolia_58027592_XS-300x200.jpg 300w\" sizes=\"(max-width: 424px) 100vw, 424px\" \/><\/div>\n\t\t\t    <\/div>\n\t\t\t    <div class=\"container\">\n\t\t\t        <div class=\"row\">\n\t\t\t            <div class=\"col-md-7 col-sm-8\">[vc_column_text]Der &#8222;Knochendoktor&#8220; ist zust\u00e4ndig f\u00fcr den gesamten Bewegungsapparat, dazu z\u00e4hlen Knochen, Gelenke, Muskeln und Sehnen behandelt angeboren und erworbene Form- und Funktionsfehler. Das Wort Orthop\u00e4die kommt aus dem Griechischen und bedeutet \u00fcbersetzt die Lehre des aufrechten Kindes. Wenn Ihnen Bewegung keinen Spa\u00df mehr macht, sind Sie in einer orthop\u00e4dischen Praxis bestens aufgehoben.[\/vc_column_text]<\/div>\n\t\t\t        <\/div><!--end of row-->\n\t\t\t    <\/div><!--end of container-->\n\t\t\t<\/section>\n\t\t[\/vc_column][\/vc_row][\/vc_section][vc_row][vc_column width=&#8220;1\/3&#8243;][vc_icon icon_fontawesome=&#8220;fa fa-heartbeat&#8220; color=&#8220;sky&#8220; background_style=&#8220;rounded-outline&#8220; size=&#8220;lg&#8220; align=&#8220;center&#8220;][vc_column_text css=&#8220;.vc_custom_1505137558571{padding-right: 25px !important;padding-bottom: 20px !important;padding-left: 25px !important;}&#8220;]<\/p>\n<h4 style=\"text-align: center;\">Vorsorge<\/h4>\n<p><span>Kinderorthop\u00e4die ist ein wichtiger Bestandteil dieser Fachrichtung, denn diese wird gezielt zur Vermeidung und Vorbeugung von Sch\u00e4den im erwachsenen Alter angewandt. Doch auch im fortgeschrittenen Alter kann ein Orthop\u00e4de helfen. Bei einer sportmedizinischen Untersuchung wird der Patient \u00fcber m\u00f6gliche \u00dcberbelastung bestimmter Gelenke, Knochen, Sehnen und Muskelpartien beraten.\u00a0<\/span>[\/vc_column_text][\/vc_column][vc_column width=&#8220;1\/3&#8243;][vc_icon icon_fontawesome=&#8220;fa fa-user-md&#8220; color=&#8220;sky&#8220; background_style=&#8220;rounded-outline&#8220; size=&#8220;lg&#8220; align=&#8220;center&#8220;][vc_column_text css=&#8220;.vc_custom_1505140302599{padding-right: 25px !important;padding-bottom: 20px !important;padding-left: 25px !important;}&#8220;]<\/p>\n<h4 style=\"text-align: center;\">Diagnose<\/h4>\n<p><span>Typische Krankheitsbilder, die in einer orthop\u00e4dischen Praxis auftauchen sind unter anderem Arthritis, B\u00e4nderrisse, H\u00fcftdysplasie oder Skoliose. Durch gezielte Anamnese, Ausschlussverfahren und wenn notwendig durch das Hinzuziehen von radiologischen Diagnostikverfahren, wie R\u00f6ntgen und MRT, kann der Facharzt f\u00fcr Orthop\u00e4die die Ursache der Schmerzen feststellen und somit aktiv die Linderung der Beschwerden beginnen.\u00a0<\/span><br \/>\n<a title=\"Weitere Informationen finden Sie hier\" href=\"http:\/\/www.dgou.de\/start.html\" target=\"_blank\" rel=\"noopener\">Weitere Informationen<\/a>[\/vc_column_text][\/vc_column][vc_column width=&#8220;1\/3&#8243;][vc_icon icon_fontawesome=&#8220;fa fa-medkit&#8220; color=&#8220;sky&#8220; background_style=&#8220;rounded-outline&#8220; size=&#8220;lg&#8220; align=&#8220;center&#8220;][vc_column_text css=&#8220;.vc_custom_1505137585228{padding-right: 25px !important;padding-bottom: 20px !important;padding-left: 25px !important;}&#8220;]<\/p>\n<h4 style=\"text-align: center;\">Behandlung<\/h4>\n<p><span>Die Physiotherapie kann Patienten helfen die Bewegungsf\u00e4higkeit zu verbessern oder wieder herzustellen. Der Orthop\u00e4de kann auch zu medikament\u00f6sen oder bei schwerwiegenderen Einschr\u00e4nkungen zu chirurgischen Verfahren, wozu unter anderem die Anfertigung von Prothesen z\u00e4hlt, zur\u00fcckgreifen. Auch Laserbehandlungen, Sto\u00dfwellentherapie, Akupunktur und Knochendichtemessung geh\u00f6ren zum Leistungsspektrum einer orthop\u00e4dischen Fachpraxis.<\/span>[\/vc_column_text][\/vc_column][\/vc_row][vc_row][vc_column][\/vc_column][\/vc_row]<\/p>\n","protected":false},"excerpt":{"rendered":"<p>[vc_section][\/vc_section][vc_section][vc_row][vc_column][vc_column_text] Orthop\u00e4die [\/vc_column_text][\/vc_column][\/vc_row][vc_row full_width=&#8220;stretch_row&#8220;][vc_column][vc_separator css=&#8220;.vc_custom_1501578383424{padding-top: 15px !important;padding-bottom: 30px !important;}&#8220;][\/vc_column][\/vc_row][\/vc_section][vc_row][vc_column width=&#8220;1\/3&#8243;][vc_icon icon_fontawesome=&#8220;fa fa-heartbeat&#8220; color=&#8220;sky&#8220; background_style=&#8220;rounded-outline&#8220; size=&#8220;lg&#8220; align=&#8220;center&#8220;][vc_column_text css=&#8220;.vc_custom_1505137558571{padding-right: 25px !important;padding-bottom: 20px !important;padding-left: 25px !important;}&#8220;] Vorsorge Kinderorthop\u00e4die ist ein wichtiger Bestandteil dieser Fachrichtung, denn diese wird gezielt zur Vermeidung und Vorbeugung von Sch\u00e4den im erwachsenen Alter angewandt. Doch auch im fortgeschrittenen Alter kann ein Orthop\u00e4de helfen. Bei [&hellip;]<\/p>\n","protected":false},"author":1,"featured_media":0,"parent":1029,"menu_order":0,"comment_status":"closed","ping_status":"closed","template":"","meta":{"inline_featured_image":false,"footnotes":""},"yoast_head":"<!-- This site is optimized with the Yoast SEO plugin v19.7.2 - https:\/\/yoast.com\/wordpress\/plugins\/seo\/ -->\n<title>Orthop\u00e4die - Arzttermine.de<\/title>\n<meta name=\"description\" content=\"Das Wort Orthop\u00e4die kommt aus dem Griechischen und bedeutet \u00fcbersetzt die Lehre des aufrechten Kindes. Wenn Ihnen Bewegung keinen Spa\u00df mehr macht, sind Sie\" \/>\n<meta name=\"robots\" content=\"index, follow, max-snippet:-1, max-image-preview:large, max-video-preview:-1\" \/>\n<link rel=\"canonical\" href=\"https:\/\/www.arzttermine.de\/s\/medizinische-fachgebiete\/orthopaedie\/\" \/>\n<meta property=\"og:locale\" content=\"de_DE\" \/>\n<meta property=\"og:type\" content=\"article\" \/>\n<meta property=\"og:title\" content=\"Orthop\u00e4die - Arzttermine.de\" \/>\n<meta property=\"og:description\" content=\"Das Wort Orthop\u00e4die kommt aus dem Griechischen und bedeutet \u00fcbersetzt die Lehre des aufrechten Kindes. Wenn Ihnen Bewegung keinen Spa\u00df mehr macht, sind Sie\" \/>\n<meta property=\"og:url\" content=\"https:\/\/www.arzttermine.de\/s\/medizinische-fachgebiete\/orthopaedie\/\" \/>\n<meta property=\"og:site_name\" content=\"Arzttermine.de\" \/>\n<meta property=\"article:modified_time\" content=\"2017-09-11T14:31:48+00:00\" \/>\n<meta name=\"twitter:card\" content=\"summary\" \/>\n<meta name=\"twitter:label1\" content=\"Gesch\u00e4tzte Lesezeit\" \/>\n\t<meta name=\"twitter:data1\" content=\"2\u00a0Minuten\" \/>\n<script type=\"application\/ld+json\" class=\"yoast-schema-graph\">{\"@context\":\"https:\/\/schema.org\",\"@graph\":[{\"@type\":\"WebPage\",\"@id\":\"https:\/\/www.arzttermine.de\/s\/medizinische-fachgebiete\/orthopaedie\/\",\"url\":\"https:\/\/www.arzttermine.de\/s\/medizinische-fachgebiete\/orthopaedie\/\",\"name\":\"Orthop\u00e4die - Arzttermine.de\",\"isPartOf\":{\"@id\":\"https:\/\/www.arzttermine.de\/s\/#website\"},\"datePublished\":\"2017-09-11T13:46:53+00:00\",\"dateModified\":\"2017-09-11T14:31:48+00:00\",\"description\":\"Das Wort Orthop\u00e4die kommt aus dem Griechischen und bedeutet \u00fcbersetzt die Lehre des aufrechten Kindes. Wenn Ihnen Bewegung keinen Spa\u00df mehr macht, sind Sie\",\"breadcrumb\":{\"@id\":\"https:\/\/www.arzttermine.de\/s\/medizinische-fachgebiete\/orthopaedie\/#breadcrumb\"},\"inLanguage\":\"de\",\"potentialAction\":[{\"@type\":\"ReadAction\",\"target\":[\"https:\/\/www.arzttermine.de\/s\/medizinische-fachgebiete\/orthopaedie\/\"]}]},{\"@type\":\"BreadcrumbList\",\"@id\":\"https:\/\/www.arzttermine.de\/s\/medizinische-fachgebiete\/orthopaedie\/#breadcrumb\",\"itemListElement\":[{\"@type\":\"ListItem\",\"position\":1,\"name\":\"Startseite\",\"item\":\"https:\/\/www.arzttermine.de\/s\/\"},{\"@type\":\"ListItem\",\"position\":2,\"name\":\"Medizinische Fachgebiete\",\"item\":\"https:\/\/www.arzttermine.de\/s\/medizinische-fachgebiete\/\"},{\"@type\":\"ListItem\",\"position\":3,\"name\":\"Orthop\u00e4die\"}]},{\"@type\":\"WebSite\",\"@id\":\"https:\/\/www.arzttermine.de\/s\/#website\",\"url\":\"https:\/\/www.arzttermine.de\/s\/\",\"name\":\"Arzttermine.de\",\"description\":\"\",\"potentialAction\":[{\"@type\":\"SearchAction\",\"target\":{\"@type\":\"EntryPoint\",\"urlTemplate\":\"https:\/\/www.arzttermine.de\/s\/?s={search_term_string}\"},\"query-input\":\"required name=search_term_string\"}],\"inLanguage\":\"de\"}]}<\/script>\n<!-- \/ Yoast SEO plugin. -->","yoast_head_json":{"title":"Orthop\u00e4die - Arzttermine.de","description":"Das Wort Orthop\u00e4die kommt aus dem Griechischen und bedeutet \u00fcbersetzt die Lehre des aufrechten Kindes. Wenn Ihnen Bewegung keinen Spa\u00df mehr macht, sind Sie","robots":{"index":"index","follow":"follow","max-snippet":"max-snippet:-1","max-image-preview":"max-image-preview:large","max-video-preview":"max-video-preview:-1"},"canonical":"https:\/\/www.arzttermine.de\/s\/medizinische-fachgebiete\/orthopaedie\/","og_locale":"de_DE","og_type":"article","og_title":"Orthop\u00e4die - Arzttermine.de","og_description":"Das Wort Orthop\u00e4die kommt aus dem Griechischen und bedeutet \u00fcbersetzt die Lehre des aufrechten Kindes. Wenn Ihnen Bewegung keinen Spa\u00df mehr macht, sind Sie","og_url":"https:\/\/www.arzttermine.de\/s\/medizinische-fachgebiete\/orthopaedie\/","og_site_name":"Arzttermine.de","article_modified_time":"2017-09-11T14:31:48+00:00","twitter_card":"summary","twitter_misc":{"Gesch\u00e4tzte Lesezeit":"2\u00a0Minuten"},"schema":{"@context":"https:\/\/schema.org","@graph":[{"@type":"WebPage","@id":"https:\/\/www.arzttermine.de\/s\/medizinische-fachgebiete\/orthopaedie\/","url":"https:\/\/www.arzttermine.de\/s\/medizinische-fachgebiete\/orthopaedie\/","name":"Orthop\u00e4die - Arzttermine.de","isPartOf":{"@id":"https:\/\/www.arzttermine.de\/s\/#website"},"datePublished":"2017-09-11T13:46:53+00:00","dateModified":"2017-09-11T14:31:48+00:00","description":"Das Wort Orthop\u00e4die kommt aus dem Griechischen und bedeutet \u00fcbersetzt die Lehre des aufrechten Kindes. Wenn Ihnen Bewegung keinen Spa\u00df mehr macht, sind Sie","breadcrumb":{"@id":"https:\/\/www.arzttermine.de\/s\/medizinische-fachgebiete\/orthopaedie\/#breadcrumb"},"inLanguage":"de","potentialAction":[{"@type":"ReadAction","target":["https:\/\/www.arzttermine.de\/s\/medizinische-fachgebiete\/orthopaedie\/"]}]},{"@type":"BreadcrumbList","@id":"https:\/\/www.arzttermine.de\/s\/medizinische-fachgebiete\/orthopaedie\/#breadcrumb","itemListElement":[{"@type":"ListItem","position":1,"name":"Startseite","item":"https:\/\/www.arzttermine.de\/s\/"},{"@type":"ListItem","position":2,"name":"Medizinische Fachgebiete","item":"https:\/\/www.arzttermine.de\/s\/medizinische-fachgebiete\/"},{"@type":"ListItem","position":3,"name":"Orthop\u00e4die"}]},{"@type":"WebSite","@id":"https:\/\/www.arzttermine.de\/s\/#website","url":"https:\/\/www.arzttermine.de\/s\/","name":"Arzttermine.de","description":"","potentialAction":[{"@type":"SearchAction","target":{"@type":"EntryPoint","urlTemplate":"https:\/\/www.arzttermine.de\/s\/?s={search_term_string}"},"query-input":"required name=search_term_string"}],"inLanguage":"de"}]}},"_links":{"self":[{"href":"https:\/\/www.arzttermine.de\/s\/wp-json\/wp\/v2\/pages\/1328"}],"collection":[{"href":"https:\/\/www.arzttermine.de\/s\/wp-json\/wp\/v2\/pages"}],"about":[{"href":"https:\/\/www.arzttermine.de\/s\/wp-json\/wp\/v2\/types\/page"}],"author":[{"embeddable":true,"href":"https:\/\/www.arzttermine.de\/s\/wp-json\/wp\/v2\/users\/1"}],"replies":[{"embeddable":true,"href":"https:\/\/www.arzttermine.de\/s\/wp-json\/wp\/v2\/comments?post=1328"}],"version-history":[{"count":2,"href":"https:\/\/www.arzttermine.de\/s\/wp-json\/wp\/v2\/pages\/1328\/revisions"}],"predecessor-version":[{"id":1347,"href":"https:\/\/www.arzttermine.de\/s\/wp-json\/wp\/v2\/pages\/1328\/revisions\/1347"}],"up":[{"embeddable":true,"href":"https:\/\/www.arzttermine.de\/s\/wp-json\/wp\/v2\/pages\/1029"}],"wp:attachment":[{"href":"https:\/\/www.arzttermine.de\/s\/wp-json\/wp\/v2\/media?parent=1328"}],"curies":[{"name":"wp","href":"https:\/\/api.w.org\/{rel}","templated":true}]}}