{"id":1080,"date":"2017-08-23T17:21:37","date_gmt":"2017-08-23T15:21:37","guid":{"rendered":"http:\/\/arzttermine-inhalt.atweb.arzttermine.de\/?page_id=1080"},"modified":"2017-11-14T15:10:16","modified_gmt":"2017-11-14T14:10:16","slug":"zahnmedizin","status":"publish","type":"page","link":"https:\/\/www.arzttermine.de\/s\/medizinische-fachgebiete\/zahnmedizin\/","title":{"rendered":"Zahnmedizin"},"content":{"rendered":"<p>[vc_section][\/vc_section][vc_section][vc_row][vc_column][vc_column_text]<\/p>\n<h1 style=\"text-align: center;\">Zahnmedizin<\/h1>\n<p>[\/vc_column_text][\/vc_column][\/vc_row][vc_row full_width=&#8220;stretch_row&#8220;][vc_column][vc_separator css=&#8220;.vc_custom_1501578383424{padding-top: 15px !important;padding-bottom: 30px !important;}&#8220;]\n\t\t\t<section class=\" bg--secondary imageblock switchable feature-large\">\n\t\t\t    <div class=\"imageblock__content col-md-4 col-sm-3 pos-right\">\n\t\t\t        <div class=\"background-image-holder\"><img loading=\"lazy\" decoding=\"async\" width=\"424\" height=\"283\" src=\"https:\/\/www.arzttermine.de\/s\/wp-content\/uploads\/2017\/08\/Fotolia_27087784_XS.jpg\" class=\"attachment-full size-full\" alt=\"\" srcset=\"https:\/\/www.arzttermine.de\/s\/wp-content\/uploads\/2017\/08\/Fotolia_27087784_XS.jpg 424w, https:\/\/www.arzttermine.de\/s\/wp-content\/uploads\/2017\/08\/Fotolia_27087784_XS-300x200.jpg 300w\" sizes=\"(max-width: 424px) 100vw, 424px\" \/><\/div>\n\t\t\t    <\/div>\n\t\t\t    <div class=\"container\">\n\t\t\t        <div class=\"row\">\n\t\t\t            <div class=\"col-md-7 col-sm-8\">[vc_column_text]Die Zahn-, Mund- und Kieferheilkunde umfasst die Vorbeugung, Erkennung und Behandlung von Erkrankungen der Z\u00e4hne, Mundkrankheiten, Kieferkrankheiten, sowie Zahn- und Kieferfehlstellungen. In der Zahnmedizin, gibt es viele verschiedene Teilbereiche. Dazu geh\u00f6ren die Paradontologie, Endodontie, Prothetik, Kieferorthop\u00e4die, Oralchirurgie und Prophylaxe.[\/vc_column_text]<\/div>\n\t\t\t        <\/div><!--end of row-->\n\t\t\t    <\/div><!--end of container-->\n\t\t\t<\/section>\n\t\t[\/vc_column][\/vc_row][\/vc_section][vc_row][vc_column width=&#8220;1\/3&#8243;][vc_icon icon_fontawesome=&#8220;fa fa-heartbeat&#8220; color=&#8220;sky&#8220; background_style=&#8220;rounded-outline&#8220; size=&#8220;lg&#8220; align=&#8220;center&#8220;][vc_column_text css=&#8220;.vc_custom_1505136325783{padding-right: 25px !important;padding-bottom: 20px !important;padding-left: 25px !important;}&#8220;]<\/p>\n<h4 style=\"text-align: center;\">Vorsorge<\/h4>\n<p><span>Die\u00a0g\u00e4ngigsten\u00a0Erkrankungen\u00a0sind\u00a0Karies\u00a0(Zahnf\u00e4ule),<br \/>\nParodontose\u00a0(Entz\u00fcndung\u00a0desZahnhalteapparats)\u00a0und<br \/>\nGingivitis\u00a0(Zahnfleischentz\u00fcndung). Karies\u00a0und<br \/>\n<\/span><span>Parodontose\u00a0entstehen meist\u00a0durch\u00a0mangelnde\u00a0Mundhygiene<br \/>\n<\/span><span>und\u00a0falsche\u00a0Ern\u00e4hrung. Die\u00a0Parodontose\u00a0kann\u00a0sehr schmerzhaft\u00a0sein,<br \/>\nda\u00a0das\u00a0Zahnfleisch zur\u00fcckgeht,\u00a0sodass\u00a0die\u00a0Zahnh\u00e4lse\u00a0freiliegen.<br \/>\nDiese freiliegenden\u00a0Stellen\u00a0sind\u00a0sehr\u00a0empfindlich\u00a0und\u00a0reagieren<br \/>\nauf\u00a0\u00e4u\u00dfere\u00a0Reize\u00a0wie\u00a0<\/span><span>Temperaturen und\u00a0auch\u00a0Zucker\u00a0sehr\u00a0stark.<\/span>[\/vc_column_text][\/vc_column][vc_column width=&#8220;1\/3&#8243;][vc_icon icon_fontawesome=&#8220;fa fa-user-md&#8220; color=&#8220;sky&#8220; background_style=&#8220;rounded-outline&#8220; size=&#8220;lg&#8220; align=&#8220;center&#8220;][vc_column_text css=&#8220;.vc_custom_1503501561710{padding-right: 25px !important;padding-bottom: 20px !important;padding-left: 25px !important;}&#8220;]<\/p>\n<h4 style=\"text-align: center;\">Diagnose<\/h4>\n<p><span>Die g\u00e4ngigsten Erkrankungen sind Karies (Zahnf\u00e4ule), Parodontose (Entz\u00fcndung des Zahnhalteapparats) und Gingivitis (Zahnfleischentz\u00fcndung). Karies und Parodontose entstehen meist durch mangelnde Mundhygiene und falsche Ern\u00e4hrung. Die Parodontose kann sehr schmerzhaft sein, da das Zahnfleisch zur\u00fcckgeht, sodass die Zahnh\u00e4lse freiliegen. Diese freiliegende Stellen sind sehr empfindlich und reagieren auf \u00e4u\u00dfere Reize wie Temperatur und auch Zucker sehr stark.<\/span>[\/vc_column_text][\/vc_column][vc_column width=&#8220;1\/3&#8243;][vc_icon icon_fontawesome=&#8220;fa fa-medkit&#8220; color=&#8220;sky&#8220; background_style=&#8220;rounded-outline&#8220; size=&#8220;lg&#8220; align=&#8220;center&#8220;][vc_column_text css=&#8220;.vc_custom_1503501605888{padding-right: 25px !important;padding-bottom: 20px !important;padding-left: 25px !important;}&#8220;]<\/p>\n<h4 style=\"text-align: center;\">Behandlung<\/h4>\n<p><span>Die zeitnahe Behandlung ist hier sehr wichtig, da das schnelle Voranschreiten der Erkrankung dazu f\u00fchren kann, dass die Z\u00e4hne immer weniger Halt im Kiefer haben und herausfallen k\u00f6nnen. Au\u00dferdem sind die freiliegenden Zahnh\u00e4lse auch noch einmal empfindlicher f\u00fcr Karies. Paradontose-Prophylaxe ist m\u00f6glich durch die Verwendung spezieller Zahncremes und Mundsp\u00fclungen, sowie durch ein korrektes Zahnputzverhalten.<\/span><\/p>\n<p><a href=\"http:\/\/www.kzv-berlin.de\/patienten\/behandlungsmethoden\/zahnfleischbehandlung.html\">Weitere Informationen<\/a>[\/vc_column_text][\/vc_column][\/vc_row][vc_row][vc_column][\/vc_column][\/vc_row]<\/p>\n","protected":false},"excerpt":{"rendered":"<p>[vc_section][\/vc_section][vc_section][vc_row][vc_column][vc_column_text] Zahnmedizin [\/vc_column_text][\/vc_column][\/vc_row][vc_row full_width=&#8220;stretch_row&#8220;][vc_column][vc_separator css=&#8220;.vc_custom_1501578383424{padding-top: 15px !important;padding-bottom: 30px !important;}&#8220;][\/vc_column][\/vc_row][\/vc_section][vc_row][vc_column width=&#8220;1\/3&#8243;][vc_icon icon_fontawesome=&#8220;fa fa-heartbeat&#8220; color=&#8220;sky&#8220; background_style=&#8220;rounded-outline&#8220; size=&#8220;lg&#8220; align=&#8220;center&#8220;][vc_column_text css=&#8220;.vc_custom_1505136325783{padding-right: 25px !important;padding-bottom: 20px !important;padding-left: 25px !important;}&#8220;] Vorsorge Die\u00a0g\u00e4ngigsten\u00a0Erkrankungen\u00a0sind\u00a0Karies\u00a0(Zahnf\u00e4ule), Parodontose\u00a0(Entz\u00fcndung\u00a0desZahnhalteapparats)\u00a0und Gingivitis\u00a0(Zahnfleischentz\u00fcndung). Karies\u00a0und Parodontose\u00a0entstehen meist\u00a0durch\u00a0mangelnde\u00a0Mundhygiene und\u00a0falsche\u00a0Ern\u00e4hrung. Die\u00a0Parodontose\u00a0kann\u00a0sehr schmerzhaft\u00a0sein, da\u00a0das\u00a0Zahnfleisch zur\u00fcckgeht,\u00a0sodass\u00a0die\u00a0Zahnh\u00e4lse\u00a0freiliegen. Diese freiliegenden\u00a0Stellen\u00a0sind\u00a0sehr\u00a0empfindlich\u00a0und\u00a0reagieren auf\u00a0\u00e4u\u00dfere\u00a0Reize\u00a0wie\u00a0Temperaturen und\u00a0auch\u00a0Zucker\u00a0sehr\u00a0stark.[\/vc_column_text][\/vc_column][vc_column width=&#8220;1\/3&#8243;][vc_icon icon_fontawesome=&#8220;fa fa-user-md&#8220; color=&#8220;sky&#8220; background_style=&#8220;rounded-outline&#8220; size=&#8220;lg&#8220; align=&#8220;center&#8220;][vc_column_text css=&#8220;.vc_custom_1503501561710{padding-right: 25px !important;padding-bottom: 20px !important;padding-left: 25px !important;}&#8220;] Diagnose Die [&hellip;]<\/p>\n","protected":false},"author":1,"featured_media":0,"parent":1029,"menu_order":0,"comment_status":"closed","ping_status":"closed","template":"","meta":{"inline_featured_image":false,"footnotes":""},"yoast_head":"<!-- This site is optimized with the Yoast SEO plugin v19.7.2 - https:\/\/yoast.com\/wordpress\/plugins\/seo\/ -->\n<title>Zahnmedizin - Arzttermine.de<\/title>\n<meta name=\"robots\" content=\"index, follow, max-snippet:-1, max-image-preview:large, max-video-preview:-1\" \/>\n<link rel=\"canonical\" href=\"https:\/\/www.arzttermine.de\/s\/medizinische-fachgebiete\/zahnmedizin\/\" \/>\n<meta property=\"og:locale\" content=\"de_DE\" \/>\n<meta property=\"og:type\" content=\"article\" \/>\n<meta property=\"og:title\" content=\"Zahnmedizin - Arzttermine.de\" \/>\n<meta property=\"og:description\" content=\"[vc_section][\/vc_section][vc_section][vc_row][vc_column][vc_column_text] Zahnmedizin [\/vc_column_text][\/vc_column][\/vc_row][vc_row full_width=&#8220;stretch_row&#8220;][vc_column][vc_separator css=&#8220;.vc_custom_1501578383424{padding-top: 15px !important;padding-bottom: 30px !important;}&#8220;][\/vc_column][\/vc_row][\/vc_section][vc_row][vc_column width=&#8220;1\/3&#8243;][vc_icon icon_fontawesome=&#8220;fa fa-heartbeat&#8220; color=&#8220;sky&#8220; background_style=&#8220;rounded-outline&#8220; size=&#8220;lg&#8220; align=&#8220;center&#8220;][vc_column_text css=&#8220;.vc_custom_1505136325783{padding-right: 25px !important;padding-bottom: 20px !important;padding-left: 25px !important;}&#8220;] Vorsorge Die\u00a0g\u00e4ngigsten\u00a0Erkrankungen\u00a0sind\u00a0Karies\u00a0(Zahnf\u00e4ule), Parodontose\u00a0(Entz\u00fcndung\u00a0desZahnhalteapparats)\u00a0und Gingivitis\u00a0(Zahnfleischentz\u00fcndung). Karies\u00a0und Parodontose\u00a0entstehen meist\u00a0durch\u00a0mangelnde\u00a0Mundhygiene und\u00a0falsche\u00a0Ern\u00e4hrung. Die\u00a0Parodontose\u00a0kann\u00a0sehr schmerzhaft\u00a0sein, da\u00a0das\u00a0Zahnfleisch zur\u00fcckgeht,\u00a0sodass\u00a0die\u00a0Zahnh\u00e4lse\u00a0freiliegen. Diese freiliegenden\u00a0Stellen\u00a0sind\u00a0sehr\u00a0empfindlich\u00a0und\u00a0reagieren auf\u00a0\u00e4u\u00dfere\u00a0Reize\u00a0wie\u00a0Temperaturen und\u00a0auch\u00a0Zucker\u00a0sehr\u00a0stark.[\/vc_column_text][\/vc_column][vc_column width=&#8220;1\/3&#8243;][vc_icon icon_fontawesome=&#8220;fa fa-user-md&#8220; color=&#8220;sky&#8220; background_style=&#8220;rounded-outline&#8220; size=&#8220;lg&#8220; align=&#8220;center&#8220;][vc_column_text css=&#8220;.vc_custom_1503501561710{padding-right: 25px !important;padding-bottom: 20px !important;padding-left: 25px !important;}&#8220;] Diagnose Die [&hellip;]\" \/>\n<meta property=\"og:url\" content=\"https:\/\/www.arzttermine.de\/s\/medizinische-fachgebiete\/zahnmedizin\/\" \/>\n<meta property=\"og:site_name\" content=\"Arzttermine.de\" \/>\n<meta property=\"article:modified_time\" content=\"2017-11-14T14:10:16+00:00\" \/>\n<meta name=\"twitter:card\" content=\"summary\" \/>\n<meta name=\"twitter:label1\" content=\"Gesch\u00e4tzte Lesezeit\" \/>\n\t<meta name=\"twitter:data1\" content=\"2\u00a0Minuten\" \/>\n<script type=\"application\/ld+json\" class=\"yoast-schema-graph\">{\"@context\":\"https:\/\/schema.org\",\"@graph\":[{\"@type\":\"WebPage\",\"@id\":\"https:\/\/www.arzttermine.de\/s\/medizinische-fachgebiete\/zahnmedizin\/\",\"url\":\"https:\/\/www.arzttermine.de\/s\/medizinische-fachgebiete\/zahnmedizin\/\",\"name\":\"Zahnmedizin - Arzttermine.de\",\"isPartOf\":{\"@id\":\"https:\/\/www.arzttermine.de\/s\/#website\"},\"datePublished\":\"2017-08-23T15:21:37+00:00\",\"dateModified\":\"2017-11-14T14:10:16+00:00\",\"breadcrumb\":{\"@id\":\"https:\/\/www.arzttermine.de\/s\/medizinische-fachgebiete\/zahnmedizin\/#breadcrumb\"},\"inLanguage\":\"de\",\"potentialAction\":[{\"@type\":\"ReadAction\",\"target\":[\"https:\/\/www.arzttermine.de\/s\/medizinische-fachgebiete\/zahnmedizin\/\"]}]},{\"@type\":\"BreadcrumbList\",\"@id\":\"https:\/\/www.arzttermine.de\/s\/medizinische-fachgebiete\/zahnmedizin\/#breadcrumb\",\"itemListElement\":[{\"@type\":\"ListItem\",\"position\":1,\"name\":\"Startseite\",\"item\":\"https:\/\/www.arzttermine.de\/s\/\"},{\"@type\":\"ListItem\",\"position\":2,\"name\":\"Medizinische Fachgebiete\",\"item\":\"https:\/\/www.arzttermine.de\/s\/medizinische-fachgebiete\/\"},{\"@type\":\"ListItem\",\"position\":3,\"name\":\"Zahnmedizin\"}]},{\"@type\":\"WebSite\",\"@id\":\"https:\/\/www.arzttermine.de\/s\/#website\",\"url\":\"https:\/\/www.arzttermine.de\/s\/\",\"name\":\"Arzttermine.de\",\"description\":\"\",\"potentialAction\":[{\"@type\":\"SearchAction\",\"target\":{\"@type\":\"EntryPoint\",\"urlTemplate\":\"https:\/\/www.arzttermine.de\/s\/?s={search_term_string}\"},\"query-input\":\"required name=search_term_string\"}],\"inLanguage\":\"de\"}]}<\/script>\n<!-- \/ Yoast SEO plugin. -->","yoast_head_json":{"title":"Zahnmedizin - Arzttermine.de","robots":{"index":"index","follow":"follow","max-snippet":"max-snippet:-1","max-image-preview":"max-image-preview:large","max-video-preview":"max-video-preview:-1"},"canonical":"https:\/\/www.arzttermine.de\/s\/medizinische-fachgebiete\/zahnmedizin\/","og_locale":"de_DE","og_type":"article","og_title":"Zahnmedizin - Arzttermine.de","og_description":"[vc_section][\/vc_section][vc_section][vc_row][vc_column][vc_column_text] Zahnmedizin [\/vc_column_text][\/vc_column][\/vc_row][vc_row full_width=&#8220;stretch_row&#8220;][vc_column][vc_separator css=&#8220;.vc_custom_1501578383424{padding-top: 15px !important;padding-bottom: 30px !important;}&#8220;][\/vc_column][\/vc_row][\/vc_section][vc_row][vc_column width=&#8220;1\/3&#8243;][vc_icon icon_fontawesome=&#8220;fa fa-heartbeat&#8220; color=&#8220;sky&#8220; background_style=&#8220;rounded-outline&#8220; size=&#8220;lg&#8220; align=&#8220;center&#8220;][vc_column_text css=&#8220;.vc_custom_1505136325783{padding-right: 25px !important;padding-bottom: 20px !important;padding-left: 25px !important;}&#8220;] Vorsorge Die\u00a0g\u00e4ngigsten\u00a0Erkrankungen\u00a0sind\u00a0Karies\u00a0(Zahnf\u00e4ule), Parodontose\u00a0(Entz\u00fcndung\u00a0desZahnhalteapparats)\u00a0und Gingivitis\u00a0(Zahnfleischentz\u00fcndung). Karies\u00a0und Parodontose\u00a0entstehen meist\u00a0durch\u00a0mangelnde\u00a0Mundhygiene und\u00a0falsche\u00a0Ern\u00e4hrung. Die\u00a0Parodontose\u00a0kann\u00a0sehr schmerzhaft\u00a0sein, da\u00a0das\u00a0Zahnfleisch zur\u00fcckgeht,\u00a0sodass\u00a0die\u00a0Zahnh\u00e4lse\u00a0freiliegen. Diese freiliegenden\u00a0Stellen\u00a0sind\u00a0sehr\u00a0empfindlich\u00a0und\u00a0reagieren auf\u00a0\u00e4u\u00dfere\u00a0Reize\u00a0wie\u00a0Temperaturen und\u00a0auch\u00a0Zucker\u00a0sehr\u00a0stark.[\/vc_column_text][\/vc_column][vc_column width=&#8220;1\/3&#8243;][vc_icon icon_fontawesome=&#8220;fa fa-user-md&#8220; color=&#8220;sky&#8220; background_style=&#8220;rounded-outline&#8220; size=&#8220;lg&#8220; align=&#8220;center&#8220;][vc_column_text css=&#8220;.vc_custom_1503501561710{padding-right: 25px !important;padding-bottom: 20px !important;padding-left: 25px !important;}&#8220;] Diagnose Die [&hellip;]","og_url":"https:\/\/www.arzttermine.de\/s\/medizinische-fachgebiete\/zahnmedizin\/","og_site_name":"Arzttermine.de","article_modified_time":"2017-11-14T14:10:16+00:00","twitter_card":"summary","twitter_misc":{"Gesch\u00e4tzte Lesezeit":"2\u00a0Minuten"},"schema":{"@context":"https:\/\/schema.org","@graph":[{"@type":"WebPage","@id":"https:\/\/www.arzttermine.de\/s\/medizinische-fachgebiete\/zahnmedizin\/","url":"https:\/\/www.arzttermine.de\/s\/medizinische-fachgebiete\/zahnmedizin\/","name":"Zahnmedizin - Arzttermine.de","isPartOf":{"@id":"https:\/\/www.arzttermine.de\/s\/#website"},"datePublished":"2017-08-23T15:21:37+00:00","dateModified":"2017-11-14T14:10:16+00:00","breadcrumb":{"@id":"https:\/\/www.arzttermine.de\/s\/medizinische-fachgebiete\/zahnmedizin\/#breadcrumb"},"inLanguage":"de","potentialAction":[{"@type":"ReadAction","target":["https:\/\/www.arzttermine.de\/s\/medizinische-fachgebiete\/zahnmedizin\/"]}]},{"@type":"BreadcrumbList","@id":"https:\/\/www.arzttermine.de\/s\/medizinische-fachgebiete\/zahnmedizin\/#breadcrumb","itemListElement":[{"@type":"ListItem","position":1,"name":"Startseite","item":"https:\/\/www.arzttermine.de\/s\/"},{"@type":"ListItem","position":2,"name":"Medizinische Fachgebiete","item":"https:\/\/www.arzttermine.de\/s\/medizinische-fachgebiete\/"},{"@type":"ListItem","position":3,"name":"Zahnmedizin"}]},{"@type":"WebSite","@id":"https:\/\/www.arzttermine.de\/s\/#website","url":"https:\/\/www.arzttermine.de\/s\/","name":"Arzttermine.de","description":"","potentialAction":[{"@type":"SearchAction","target":{"@type":"EntryPoint","urlTemplate":"https:\/\/www.arzttermine.de\/s\/?s={search_term_string}"},"query-input":"required name=search_term_string"}],"inLanguage":"de"}]}},"_links":{"self":[{"href":"https:\/\/www.arzttermine.de\/s\/wp-json\/wp\/v2\/pages\/1080"}],"collection":[{"href":"https:\/\/www.arzttermine.de\/s\/wp-json\/wp\/v2\/pages"}],"about":[{"href":"https:\/\/www.arzttermine.de\/s\/wp-json\/wp\/v2\/types\/page"}],"author":[{"embeddable":true,"href":"https:\/\/www.arzttermine.de\/s\/wp-json\/wp\/v2\/users\/1"}],"replies":[{"embeddable":true,"href":"https:\/\/www.arzttermine.de\/s\/wp-json\/wp\/v2\/comments?post=1080"}],"version-history":[{"count":9,"href":"https:\/\/www.arzttermine.de\/s\/wp-json\/wp\/v2\/pages\/1080\/revisions"}],"predecessor-version":[{"id":1319,"href":"https:\/\/www.arzttermine.de\/s\/wp-json\/wp\/v2\/pages\/1080\/revisions\/1319"}],"up":[{"embeddable":true,"href":"https:\/\/www.arzttermine.de\/s\/wp-json\/wp\/v2\/pages\/1029"}],"wp:attachment":[{"href":"https:\/\/www.arzttermine.de\/s\/wp-json\/wp\/v2\/media?parent=1080"}],"curies":[{"name":"wp","href":"https:\/\/api.w.org\/{rel}","templated":true}]}}