{"id":1029,"date":"2017-08-22T14:19:11","date_gmt":"2017-08-22T12:19:11","guid":{"rendered":"http:\/\/arzttermine-inhalt.atweb.arzttermine.de\/?page_id=1029"},"modified":"2017-10-05T12:35:24","modified_gmt":"2017-10-05T10:35:24","slug":"medizinische-fachgebiete","status":"publish","type":"page","link":"https:\/\/www.arzttermine.de\/s\/medizinische-fachgebiete\/","title":{"rendered":"Medizinische Fachgebiete"},"content":{"rendered":"<p>[vc_section][vc_row][vc_column][vc_column_text]<\/p>\n<h1 style=\"text-align: center;\">Medizinische Fachgebiete<\/h1>\n<p>[\/vc_column_text][\/vc_column][\/vc_row][vc_row][vc_column css=&#8220;.vc_custom_1503487459114{padding-top: 50px !important;padding-bottom: 100px !important;}&#8220;]\n\t\t\t<section class=\" bg--secondary imageblock switchable feature-large\">\n\t\t\t    <div class=\"imageblock__content col-md-4 col-sm-3 pos-right\">\n\t\t\t        <div class=\"background-image-holder\"><img loading=\"lazy\" decoding=\"async\" width=\"424\" height=\"283\" src=\"https:\/\/www.arzttermine.de\/s\/wp-content\/uploads\/2017\/08\/Fotolia_76286033_XS.jpg\" class=\"attachment-full size-full\" alt=\"\" srcset=\"https:\/\/www.arzttermine.de\/s\/wp-content\/uploads\/2017\/08\/Fotolia_76286033_XS.jpg 424w, https:\/\/www.arzttermine.de\/s\/wp-content\/uploads\/2017\/08\/Fotolia_76286033_XS-300x200.jpg 300w\" sizes=\"(max-width: 424px) 100vw, 424px\" \/><\/div>\n\t\t\t    <\/div>\n\t\t\t    <div class=\"container\">\n\t\t\t        <div class=\"row\">\n\t\t\t            <div class=\"col-md-7 col-sm-8\">[vc_column_text css=&#8220;.vc_custom_1503487281701{background-position: center !important;background-repeat: no-repeat !important;background-size: cover !important;}&#8220;]Wer krank ist, geht zum Arzt. Doch welcher Arzt ist denn nun der richtige? Es gibt viele verschiedene Fachrichtungen, auf die sich \u00c4rzte spezialisieren und je nach Beschwerden oder Anliegen kann der Facharzt Ihnen besser helfen, als ein anderer. Gerne m\u00f6chten wir Ihnen die einzelnen Fachrichtungen n\u00e4her bringen, damit Sie genau wissen, welcher Facharzt in Ihrer N\u00e4he auf Ihre Bed\u00fcrfnisse und Beschwerden spezialisiert ist.[\/vc_column_text]<\/div>\n\t\t\t        <\/div><!--end of row-->\n\t\t\t    <\/div><!--end of container-->\n\t\t\t<\/section>\n\t\t[\/vc_column][\/vc_row][vc_row][vc_column width=&#8220;1\/3&#8243;][vc_column_text]<\/p>\n<h4>Vorsorge<\/h4>\n<p>Die Engel im wei\u00dfen Kittel sind nicht nur daf\u00fcr da zu heilen, sondern auch um Krankheiten vorzubeugen, damit eine langwierige Behandlung erst gar nicht notwendig ist. Egal ob Allgemeinarzt, Frauenarzt, Hautarzt oder Zahnarzt, regelm\u00e4\u00dfige Kontrolltermine sind w\u00e4rmstens zu empfehlen, damit Sie die sch\u00f6nen Seiten des Lebens in vollen Z\u00fcgen genie\u00dfen k\u00f6nnen.[\/vc_column_text][\/vc_column][vc_column width=&#8220;1\/3&#8243;][vc_column_text]<\/p>\n<h4>Diagnose<\/h4>\n<p>Die Erstellung einer Diagnose ist nicht immer leicht und gleicht oft einem Baukasten, bei dem viele Einzelteile logisch zusammengesetzt werden m\u00fcssen, um das Ergebnis zu sehen. Anhand der Symptome, kann der Arzt eine Diagnose stellen, das hei\u00dft das Krankheitsbild erkennen und die daf\u00fcr effektivste Therapie bestimmen. F\u00fcr die Diagnoseerstellung werden verschiedene Methoden, sowie bildgebende Verfahren (Sonografie, MRT, R\u00f6ntgen, etc.), Labordiagnostik (Blutwerte) und Funktionstests eingesetzt.[\/vc_column_text][\/vc_column][vc_column width=&#8220;1\/3&#8243;][vc_column_text]<\/p>\n<h4>Therapie<\/h4>\n<p>Nach der Diagnose geht es darum die Symptome des Patienten zu lindern und die Krankheit oder Verletzung so schnell wie m\u00f6glich zu heilen. Da jeder Mensch unterschiedlich ist, ist auch der Heilungsprozess von Patient zu Patient verschieden. Der behandelnde Arzt muss sich also auf jeden Patienten neu einstellen und alle Faktoren mit einbeziehen, um eine effektive Therapie zusammen zu stellen.[\/vc_column_text][\/vc_column][\/vc_row][\/vc_section][vc_row][vc_column width=&#8220;1\/3&#8243;]\n\t\t\t<a href=\"\/s\/medizinische-fachgebiete\/gynaekologie\/\" class=\" block\">\n\t\t\t    <div class=\"feature feature-7 boxed text-center imagebg\" data-overlay=\"3\">\n\t\t\t        <div class=\"background-image-holder\">\n\t\t\t            <img loading=\"lazy\" decoding=\"async\" width=\"424\" height=\"283\" src=\"https:\/\/www.arzttermine.de\/s\/wp-content\/uploads\/2017\/08\/Fotolia_49464551_XS.jpg\" class=\"attachment-large size-large\" alt=\"\" srcset=\"https:\/\/www.arzttermine.de\/s\/wp-content\/uploads\/2017\/08\/Fotolia_49464551_XS.jpg 424w, https:\/\/www.arzttermine.de\/s\/wp-content\/uploads\/2017\/08\/Fotolia_49464551_XS-300x200.jpg 300w\" sizes=\"(max-width: 424px) 100vw, 424px\" \/>\n\t\t\t        <\/div>\n\t\t\t        <h4 class=\"pos-vertical-center\">Gyn\u00e4kologie<\/h4>\n\t\t\t    <\/div>\n\t\t\t<\/a>\n\t\t[\/vc_column][vc_column width=&#8220;1\/3&#8243;]\n\t\t\t<a href=\"\/s\/medizinische-fachgebiete\/urologie\" class=\" block\">\n\t\t\t    <div class=\"feature feature-7 boxed text-center imagebg\" data-overlay=\"3\">\n\t\t\t        <div class=\"background-image-holder\">\n\t\t\t            <img loading=\"lazy\" decoding=\"async\" width=\"425\" height=\"282\" src=\"https:\/\/www.arzttermine.de\/s\/wp-content\/uploads\/2017\/08\/Fotolia_39161469_XS.jpg\" class=\"attachment-large size-large\" alt=\"\" srcset=\"https:\/\/www.arzttermine.de\/s\/wp-content\/uploads\/2017\/08\/Fotolia_39161469_XS.jpg 425w, https:\/\/www.arzttermine.de\/s\/wp-content\/uploads\/2017\/08\/Fotolia_39161469_XS-300x199.jpg 300w\" sizes=\"(max-width: 425px) 100vw, 425px\" \/>\n\t\t\t        <\/div>\n\t\t\t        <h4 class=\"pos-vertical-center\">Urologie<\/h4>\n\t\t\t    <\/div>\n\t\t\t<\/a>\n\t\t[\/vc_column][vc_column width=&#8220;1\/3&#8243;]\n\t\t\t<a href=\"\/s\/medizinische-fachgebiete\/augenheilkunde\" class=\" block\">\n\t\t\t    <div class=\"feature feature-7 boxed text-center imagebg\" data-overlay=\"3\">\n\t\t\t        <div class=\"background-image-holder\">\n\t\t\t            <img loading=\"lazy\" decoding=\"async\" width=\"424\" height=\"283\" src=\"https:\/\/www.arzttermine.de\/s\/wp-content\/uploads\/2017\/08\/Fotolia_43136195_XS.jpg\" class=\"attachment-large size-large\" alt=\"\" srcset=\"https:\/\/www.arzttermine.de\/s\/wp-content\/uploads\/2017\/08\/Fotolia_43136195_XS.jpg 424w, https:\/\/www.arzttermine.de\/s\/wp-content\/uploads\/2017\/08\/Fotolia_43136195_XS-300x200.jpg 300w\" sizes=\"(max-width: 424px) 100vw, 424px\" \/>\n\t\t\t        <\/div>\n\t\t\t        <h4 class=\"pos-vertical-center\">Augenheilkunde<\/h4>\n\t\t\t    <\/div>\n\t\t\t<\/a>\n\t\t[\/vc_column][\/vc_row][vc_row][vc_column width=&#8220;1\/3&#8243;]\n\t\t\t<a href=\"\/s\/medizinische-fachgebiete\/orthopaedie\" class=\" block\">\n\t\t\t    <div class=\"feature feature-7 boxed text-center imagebg\" data-overlay=\"3\">\n\t\t\t        <div class=\"background-image-holder\">\n\t\t\t            <img loading=\"lazy\" decoding=\"async\" width=\"424\" height=\"283\" src=\"https:\/\/www.arzttermine.de\/s\/wp-content\/uploads\/2017\/08\/Fotolia_58027592_XS.jpg\" class=\"attachment-large size-large\" alt=\"\" srcset=\"https:\/\/www.arzttermine.de\/s\/wp-content\/uploads\/2017\/08\/Fotolia_58027592_XS.jpg 424w, https:\/\/www.arzttermine.de\/s\/wp-content\/uploads\/2017\/08\/Fotolia_58027592_XS-300x200.jpg 300w\" sizes=\"(max-width: 424px) 100vw, 424px\" \/>\n\t\t\t        <\/div>\n\t\t\t        <h4 class=\"pos-vertical-center\">Orthop\u00e4die<\/h4>\n\t\t\t    <\/div>\n\t\t\t<\/a>\n\t\t[\/vc_column][vc_column width=&#8220;1\/3&#8243;]\n\t\t\t<a href=\"\/s\/medizinische-fachgebiete\/zahnmedizin\" class=\" block\">\n\t\t\t    <div class=\"feature feature-7 boxed text-center imagebg\" data-overlay=\"3\">\n\t\t\t        <div class=\"background-image-holder\">\n\t\t\t            <img loading=\"lazy\" decoding=\"async\" width=\"424\" height=\"283\" src=\"https:\/\/www.arzttermine.de\/s\/wp-content\/uploads\/2017\/08\/Fotolia_27087784_XS.jpg\" class=\"attachment-large size-large\" alt=\"\" srcset=\"https:\/\/www.arzttermine.de\/s\/wp-content\/uploads\/2017\/08\/Fotolia_27087784_XS.jpg 424w, https:\/\/www.arzttermine.de\/s\/wp-content\/uploads\/2017\/08\/Fotolia_27087784_XS-300x200.jpg 300w\" sizes=\"(max-width: 424px) 100vw, 424px\" \/>\n\t\t\t        <\/div>\n\t\t\t        <h4 class=\"pos-vertical-center\">Zahnmedizin<\/h4>\n\t\t\t    <\/div>\n\t\t\t<\/a>\n\t\t[\/vc_column][vc_column width=&#8220;1\/3&#8243;]\n\t\t\t<a href=\"\/s\/medizinische-fachgebiete\/mrt\" class=\" block\">\n\t\t\t    <div class=\"feature feature-7 boxed text-center imagebg\" data-overlay=\"3\">\n\t\t\t        <div class=\"background-image-holder\">\n\t\t\t            <img loading=\"lazy\" decoding=\"async\" width=\"424\" height=\"283\" src=\"https:\/\/www.arzttermine.de\/s\/wp-content\/uploads\/2017\/08\/Fotolia_48175335_XS.jpg\" class=\"attachment-large size-large\" alt=\"\" srcset=\"https:\/\/www.arzttermine.de\/s\/wp-content\/uploads\/2017\/08\/Fotolia_48175335_XS.jpg 424w, https:\/\/www.arzttermine.de\/s\/wp-content\/uploads\/2017\/08\/Fotolia_48175335_XS-300x200.jpg 300w\" sizes=\"(max-width: 424px) 100vw, 424px\" \/>\n\t\t\t        <\/div>\n\t\t\t        <h4 class=\"pos-vertical-center\">MRT<\/h4>\n\t\t\t    <\/div>\n\t\t\t<\/a>\n\t\t[\/vc_column][\/vc_row][vc_row][vc_column width=&#8220;1\/3&#8243;]\n\t\t\t<a href=\"\/s\/medizinische-fachgebiete\/hals-Nasen-ohrenheilkunde\" class=\" block\">\n\t\t\t    <div class=\"feature feature-7 boxed text-center imagebg\" data-overlay=\"3\">\n\t\t\t        <div class=\"background-image-holder\">\n\t\t\t            <img loading=\"lazy\" decoding=\"async\" width=\"424\" height=\"283\" src=\"https:\/\/www.arzttermine.de\/s\/wp-content\/uploads\/2017\/08\/Fotolia_77790177_XS.jpg\" class=\"attachment-large size-large\" alt=\"\" srcset=\"https:\/\/www.arzttermine.de\/s\/wp-content\/uploads\/2017\/08\/Fotolia_77790177_XS.jpg 424w, https:\/\/www.arzttermine.de\/s\/wp-content\/uploads\/2017\/08\/Fotolia_77790177_XS-300x200.jpg 300w\" sizes=\"(max-width: 424px) 100vw, 424px\" \/>\n\t\t\t        <\/div>\n\t\t\t        <h4 class=\"pos-vertical-center\">Hals-Nasen-Ohrenheilkunde<\/h4>\n\t\t\t    <\/div>\n\t\t\t<\/a>\n\t\t[\/vc_column][vc_column width=&#8220;1\/3&#8243;]\n\t\t\t<a href=\"\/s\/medizinische-fachgebiete\/allgemeinmedizin\" class=\" block\">\n\t\t\t    <div class=\"feature feature-7 boxed text-center imagebg\" data-overlay=\"3\">\n\t\t\t        <div class=\"background-image-holder\">\n\t\t\t            <img loading=\"lazy\" decoding=\"async\" width=\"423\" height=\"283\" src=\"https:\/\/www.arzttermine.de\/s\/wp-content\/uploads\/2017\/08\/Fotolia_40706462_XS.jpg\" class=\"attachment-large size-large\" alt=\"\" srcset=\"https:\/\/www.arzttermine.de\/s\/wp-content\/uploads\/2017\/08\/Fotolia_40706462_XS.jpg 423w, https:\/\/www.arzttermine.de\/s\/wp-content\/uploads\/2017\/08\/Fotolia_40706462_XS-300x201.jpg 300w\" sizes=\"(max-width: 423px) 100vw, 423px\" \/>\n\t\t\t        <\/div>\n\t\t\t        <h4 class=\"pos-vertical-center\">Allgemeinmedizin<\/h4>\n\t\t\t    <\/div>\n\t\t\t<\/a>\n\t\t[\/vc_column][vc_column width=&#8220;1\/3&#8243;]\n\t\t\t<a href=\"\/s\/medizinische-fachgebiete\/dermatologie\" class=\" block\">\n\t\t\t    <div class=\"feature feature-7 boxed text-center imagebg\" data-overlay=\"3\">\n\t\t\t        <div class=\"background-image-holder\">\n\t\t\t            <img loading=\"lazy\" decoding=\"async\" width=\"424\" height=\"283\" src=\"https:\/\/www.arzttermine.de\/s\/wp-content\/uploads\/2017\/08\/Fotolia_53390243_XS.jpg\" class=\"attachment-large size-large\" alt=\"\" srcset=\"https:\/\/www.arzttermine.de\/s\/wp-content\/uploads\/2017\/08\/Fotolia_53390243_XS.jpg 424w, https:\/\/www.arzttermine.de\/s\/wp-content\/uploads\/2017\/08\/Fotolia_53390243_XS-300x200.jpg 300w\" sizes=\"(max-width: 424px) 100vw, 424px\" \/>\n\t\t\t        <\/div>\n\t\t\t        <h4 class=\"pos-vertical-center\">Dermatologie<\/h4>\n\t\t\t    <\/div>\n\t\t\t<\/a>\n\t\t[\/vc_column][\/vc_row][vc_row][vc_column][vc_empty_space][\/vc_column][\/vc_row]<\/p>\n","protected":false},"excerpt":{"rendered":"<p>[vc_section][vc_row][vc_column][vc_column_text] Medizinische Fachgebiete [\/vc_column_text][\/vc_column][\/vc_row][vc_row][vc_column css=&#8220;.vc_custom_1503487459114{padding-top: 50px !important;padding-bottom: 100px !important;}&#8220;][\/vc_column][\/vc_row][vc_row][vc_column width=&#8220;1\/3&#8243;][vc_column_text] Vorsorge Die Engel im wei\u00dfen Kittel sind nicht nur daf\u00fcr da zu heilen, sondern auch um Krankheiten vorzubeugen, damit eine langwierige Behandlung erst gar nicht notwendig ist. Egal ob Allgemeinarzt, Frauenarzt, Hautarzt oder Zahnarzt, regelm\u00e4\u00dfige Kontrolltermine sind w\u00e4rmstens zu empfehlen, damit Sie die sch\u00f6nen Seiten [&hellip;]<\/p>\n","protected":false},"author":1,"featured_media":0,"parent":0,"menu_order":0,"comment_status":"closed","ping_status":"closed","template":"","meta":{"inline_featured_image":false,"footnotes":""},"yoast_head":"<!-- This site is optimized with the Yoast SEO plugin v19.7.2 - https:\/\/yoast.com\/wordpress\/plugins\/seo\/ -->\n<title>Medizinische Fachgebiete - Arzttermine.de<\/title>\n<meta name=\"robots\" content=\"index, follow, max-snippet:-1, max-image-preview:large, max-video-preview:-1\" \/>\n<link rel=\"canonical\" href=\"https:\/\/www.arzttermine.de\/s\/medizinische-fachgebiete\/\" \/>\n<meta property=\"og:locale\" content=\"de_DE\" \/>\n<meta property=\"og:type\" content=\"article\" \/>\n<meta property=\"og:title\" content=\"Medizinische Fachgebiete - Arzttermine.de\" \/>\n<meta property=\"og:description\" content=\"[vc_section][vc_row][vc_column][vc_column_text] Medizinische Fachgebiete [\/vc_column_text][\/vc_column][\/vc_row][vc_row][vc_column css=&#8220;.vc_custom_1503487459114{padding-top: 50px !important;padding-bottom: 100px !important;}&#8220;][\/vc_column][\/vc_row][vc_row][vc_column width=&#8220;1\/3&#8243;][vc_column_text] Vorsorge Die Engel im wei\u00dfen Kittel sind nicht nur daf\u00fcr da zu heilen, sondern auch um Krankheiten vorzubeugen, damit eine langwierige Behandlung erst gar nicht notwendig ist. Egal ob Allgemeinarzt, Frauenarzt, Hautarzt oder Zahnarzt, regelm\u00e4\u00dfige Kontrolltermine sind w\u00e4rmstens zu empfehlen, damit Sie die sch\u00f6nen Seiten [&hellip;]\" \/>\n<meta property=\"og:url\" content=\"https:\/\/www.arzttermine.de\/s\/medizinische-fachgebiete\/\" \/>\n<meta property=\"og:site_name\" content=\"Arzttermine.de\" \/>\n<meta property=\"article:modified_time\" content=\"2017-10-05T10:35:24+00:00\" \/>\n<meta name=\"twitter:card\" content=\"summary\" \/>\n<meta name=\"twitter:label1\" content=\"Gesch\u00e4tzte Lesezeit\" \/>\n\t<meta name=\"twitter:data1\" content=\"3\u00a0Minuten\" \/>\n<script type=\"application\/ld+json\" class=\"yoast-schema-graph\">{\"@context\":\"https:\/\/schema.org\",\"@graph\":[{\"@type\":\"WebPage\",\"@id\":\"https:\/\/www.arzttermine.de\/s\/medizinische-fachgebiete\/\",\"url\":\"https:\/\/www.arzttermine.de\/s\/medizinische-fachgebiete\/\",\"name\":\"Medizinische Fachgebiete - Arzttermine.de\",\"isPartOf\":{\"@id\":\"https:\/\/www.arzttermine.de\/s\/#website\"},\"datePublished\":\"2017-08-22T12:19:11+00:00\",\"dateModified\":\"2017-10-05T10:35:24+00:00\",\"breadcrumb\":{\"@id\":\"https:\/\/www.arzttermine.de\/s\/medizinische-fachgebiete\/#breadcrumb\"},\"inLanguage\":\"de\",\"potentialAction\":[{\"@type\":\"ReadAction\",\"target\":[\"https:\/\/www.arzttermine.de\/s\/medizinische-fachgebiete\/\"]}]},{\"@type\":\"BreadcrumbList\",\"@id\":\"https:\/\/www.arzttermine.de\/s\/medizinische-fachgebiete\/#breadcrumb\",\"itemListElement\":[{\"@type\":\"ListItem\",\"position\":1,\"name\":\"Startseite\",\"item\":\"https:\/\/www.arzttermine.de\/s\/\"},{\"@type\":\"ListItem\",\"position\":2,\"name\":\"Medizinische Fachgebiete\"}]},{\"@type\":\"WebSite\",\"@id\":\"https:\/\/www.arzttermine.de\/s\/#website\",\"url\":\"https:\/\/www.arzttermine.de\/s\/\",\"name\":\"Arzttermine.de\",\"description\":\"\",\"potentialAction\":[{\"@type\":\"SearchAction\",\"target\":{\"@type\":\"EntryPoint\",\"urlTemplate\":\"https:\/\/www.arzttermine.de\/s\/?s={search_term_string}\"},\"query-input\":\"required name=search_term_string\"}],\"inLanguage\":\"de\"}]}<\/script>\n<!-- \/ Yoast SEO plugin. -->","yoast_head_json":{"title":"Medizinische Fachgebiete - Arzttermine.de","robots":{"index":"index","follow":"follow","max-snippet":"max-snippet:-1","max-image-preview":"max-image-preview:large","max-video-preview":"max-video-preview:-1"},"canonical":"https:\/\/www.arzttermine.de\/s\/medizinische-fachgebiete\/","og_locale":"de_DE","og_type":"article","og_title":"Medizinische Fachgebiete - Arzttermine.de","og_description":"[vc_section][vc_row][vc_column][vc_column_text] Medizinische Fachgebiete [\/vc_column_text][\/vc_column][\/vc_row][vc_row][vc_column css=&#8220;.vc_custom_1503487459114{padding-top: 50px !important;padding-bottom: 100px !important;}&#8220;][\/vc_column][\/vc_row][vc_row][vc_column width=&#8220;1\/3&#8243;][vc_column_text] Vorsorge Die Engel im wei\u00dfen Kittel sind nicht nur daf\u00fcr da zu heilen, sondern auch um Krankheiten vorzubeugen, damit eine langwierige Behandlung erst gar nicht notwendig ist. Egal ob Allgemeinarzt, Frauenarzt, Hautarzt oder Zahnarzt, regelm\u00e4\u00dfige Kontrolltermine sind w\u00e4rmstens zu empfehlen, damit Sie die sch\u00f6nen Seiten [&hellip;]","og_url":"https:\/\/www.arzttermine.de\/s\/medizinische-fachgebiete\/","og_site_name":"Arzttermine.de","article_modified_time":"2017-10-05T10:35:24+00:00","twitter_card":"summary","twitter_misc":{"Gesch\u00e4tzte Lesezeit":"3\u00a0Minuten"},"schema":{"@context":"https:\/\/schema.org","@graph":[{"@type":"WebPage","@id":"https:\/\/www.arzttermine.de\/s\/medizinische-fachgebiete\/","url":"https:\/\/www.arzttermine.de\/s\/medizinische-fachgebiete\/","name":"Medizinische Fachgebiete - Arzttermine.de","isPartOf":{"@id":"https:\/\/www.arzttermine.de\/s\/#website"},"datePublished":"2017-08-22T12:19:11+00:00","dateModified":"2017-10-05T10:35:24+00:00","breadcrumb":{"@id":"https:\/\/www.arzttermine.de\/s\/medizinische-fachgebiete\/#breadcrumb"},"inLanguage":"de","potentialAction":[{"@type":"ReadAction","target":["https:\/\/www.arzttermine.de\/s\/medizinische-fachgebiete\/"]}]},{"@type":"BreadcrumbList","@id":"https:\/\/www.arzttermine.de\/s\/medizinische-fachgebiete\/#breadcrumb","itemListElement":[{"@type":"ListItem","position":1,"name":"Startseite","item":"https:\/\/www.arzttermine.de\/s\/"},{"@type":"ListItem","position":2,"name":"Medizinische Fachgebiete"}]},{"@type":"WebSite","@id":"https:\/\/www.arzttermine.de\/s\/#website","url":"https:\/\/www.arzttermine.de\/s\/","name":"Arzttermine.de","description":"","potentialAction":[{"@type":"SearchAction","target":{"@type":"EntryPoint","urlTemplate":"https:\/\/www.arzttermine.de\/s\/?s={search_term_string}"},"query-input":"required name=search_term_string"}],"inLanguage":"de"}]}},"_links":{"self":[{"href":"https:\/\/www.arzttermine.de\/s\/wp-json\/wp\/v2\/pages\/1029"}],"collection":[{"href":"https:\/\/www.arzttermine.de\/s\/wp-json\/wp\/v2\/pages"}],"about":[{"href":"https:\/\/www.arzttermine.de\/s\/wp-json\/wp\/v2\/types\/page"}],"author":[{"embeddable":true,"href":"https:\/\/www.arzttermine.de\/s\/wp-json\/wp\/v2\/users\/1"}],"replies":[{"embeddable":true,"href":"https:\/\/www.arzttermine.de\/s\/wp-json\/wp\/v2\/comments?post=1029"}],"version-history":[{"count":20,"href":"https:\/\/www.arzttermine.de\/s\/wp-json\/wp\/v2\/pages\/1029\/revisions"}],"predecessor-version":[{"id":1673,"href":"https:\/\/www.arzttermine.de\/s\/wp-json\/wp\/v2\/pages\/1029\/revisions\/1673"}],"wp:attachment":[{"href":"https:\/\/www.arzttermine.de\/s\/wp-json\/wp\/v2\/media?parent=1029"}],"curies":[{"name":"wp","href":"https:\/\/api.w.org\/{rel}","templated":true}]}}